{"id":5577,"date":"2022-08-09T14:55:48","date_gmt":"2022-08-09T12:55:48","guid":{"rendered":"https:\/\/abibooks-project.eu\/cartea-alba\/"},"modified":"2024-01-08T16:55:33","modified_gmt":"2024-01-08T14:55:33","slug":"cartea-alba","status":"publish","type":"page","link":"https:\/\/abibooks-project.eu\/ro\/cartea-alba\/","title":{"rendered":"Cartea alb\u0103"},"content":{"rendered":"<p>[et_pb_section fb_built=&#8221;1&#8243; _builder_version=&#8221;4.23.1&#8243; _module_preset=&#8221;default&#8221; background_color=&#8221;#28224b&#8221; background_image=&#8221;https:\/\/abibooks-project.eu\/wp-content\/uploads\/2022\/08\/bandeau.png&#8221; custom_padding=&#8221;40px||40px||true|false&#8221; locked=&#8221;off&#8221; global_colors_info=&#8221;{}&#8221;][et_pb_row _builder_version=&#8221;4.23.1&#8243; _module_preset=&#8221;default&#8221; global_colors_info=&#8221;{}&#8221;][et_pb_column type=&#8221;4_4&#8243; _builder_version=&#8221;4.23.1&#8243; _module_preset=&#8221;default&#8221; global_colors_info=&#8221;{}&#8221;][et_pb_text _builder_version=&#8221;4.23.1&#8243; _module_preset=&#8221;default&#8221; text_font=&#8221;Comfortaa|700|||||||&#8221; text_text_color=&#8221;#ffffff&#8221; text_font_size=&#8221;2em&#8221; text_line_height=&#8221;1.8em&#8221; header_font=&#8221;Comfortaa|700|||||||&#8221; header_text_align=&#8221;center&#8221; header_text_color=&#8221;#FFFFFF&#8221; header_font_size=&#8221;1.2em&#8221; background_color=&#8221;#28224B&#8221; width=&#8221;80%&#8221; module_alignment=&#8221;center&#8221; global_colors_info=&#8221;{}&#8221;]<\/p>\n<h1 style=\"text-align: center;\">Cartea alb\u0103<\/h1>\n<p style=\"text-align: center;\">Cartea alb\u0103 Interactivitate: o cheie pentru dob\u00e2ndirea abilit\u0103\u021bilor de baz\u0103<\/p>\n<p>[\/et_pb_text][\/et_pb_column][\/et_pb_row][\/et_pb_section][et_pb_section fb_built=&#8221;1&#8243; _builder_version=&#8221;4.23.1&#8243; _module_preset=&#8221;default&#8221; background_color=&#8221;#f8f8f8&#8243; custom_padding=&#8221;40px||40px||false|false&#8221; locked=&#8221;off&#8221; global_colors_info=&#8221;{}&#8221;][et_pb_row column_structure=&#8221;2_5,3_5&#8243; custom_padding_last_edited=&#8221;on|phone&#8221; _builder_version=&#8221;4.23.1&#8243; _module_preset=&#8221;default&#8221; width=&#8221;100%&#8221; max_width=&#8221;1200px&#8221; min_height=&#8221;1114.8px&#8221; custom_padding=&#8221;|50px||50px|false|true&#8221; custom_padding_tablet=&#8221;||||false|true&#8221; custom_padding_phone=&#8221;|20px||20px|false|true&#8221; global_colors_info=&#8221;{}&#8221;][et_pb_column type=&#8221;2_5&#8243; _builder_version=&#8221;4.19.0&#8243; _module_preset=&#8221;default&#8221; global_colors_info=&#8221;{}&#8221;][et_pb_text _builder_version=&#8221;4.23.1&#8243; _module_preset=&#8221;29125e68-daf6-467e-afb8-3b7a1da25fa6&#8243; header_2_font_size=&#8221;1.8em&#8221; max_width=&#8221;600px&#8221; global_colors_info=&#8221;{}&#8221;]<\/p>\n<h2>C\u0103r\u021bi la \u00eendem\u00e2n\u0103<\/h2>\n<p>Aceast\u0103 carte alb\u0103 a proiectului reune\u0219te m\u0103rturii \u0219i bune practici din partea profesorilor \u0219i p\u0103rin\u021bilor implica\u021bi \u00een fazele pilot ale diferitelor proiecte ale proiectului. De asemenea, partenerii au efectuat cercet\u0103ri pe tema interactivit\u0103\u021bii ca element \u00een dezvoltarea competen\u021belor de baz\u0103 \u00eenc\u0103 de la o v\u00e2rst\u0103 fraged\u0103. Acest ghid combin\u0103 a\u0219adar o abordare sistemic\u0103 cu o viziune mai concret\u0103 a beneficiilor pe care astfel de practici le pot aduce educa\u021biei copiilor mici. Bunele practici \u0219i feedback-ul \u00eencurajeaz\u0103 incluziunea, schimburile de experien\u021b\u0103 \u0219i o abordare liber\u0103 a utiliz\u0103rii interactivit\u0103\u021bii \u0219i a abord\u0103rilor narative \u00een primele etape ale educa\u021biei.   <\/p>\n<p>&nbsp;<\/p>\n<p>[\/et_pb_text][\/et_pb_column][et_pb_column type=&#8221;3_5&#8243; _builder_version=&#8221;4.19.0&#8243; _module_preset=&#8221;default&#8221; global_colors_info=&#8221;{}&#8221;][et_pb_accordion open_toggle_text_color=&#8221;#28224B&#8221; open_toggle_background_color=&#8221;#FFFFFF&#8221; closed_toggle_text_color=&#8221;#28224B&#8221; closed_toggle_background_color=&#8221;#FFFFFF&#8221; icon_color=&#8221;#28224B&#8221; module_class=&#8221;e-learning&#8221; _builder_version=&#8221;4.23.1&#8243; _module_preset=&#8221;default&#8221; toggle_text_color=&#8221;#28224B&#8221; body_text_align=&#8221;center&#8221; text_orientation=&#8221;left&#8221; max_width=&#8221;600px&#8221; hover_enabled=&#8221;0&#8243; border_width_all=&#8221;2px&#8221; border_color_all=&#8221;RGBA(255,255,255,0)&#8221; global_colors_info=&#8221;{}&#8221; open_toggle_background_color__hover_enabled=&#8221;off|desktop&#8221; closed_toggle_background_color__hover_enabled=&#8221;off|desktop&#8221; sticky_enabled=&#8221;0&#8243;][et_pb_accordion_item title=&#8221;Cartea alb\u0103 &#8211; C\u0103r\u021bi la \u00eendem\u00e2n\u0103&#8221; open=&#8221;on&#8221; _builder_version=&#8221;4.23.1&#8243; _module_preset=&#8221;default&#8221; hover_enabled=&#8221;0&#8243; global_colors_info=&#8221;{}&#8221; sticky_enabled=&#8221;0&#8243;]<\/p>\n<p><img loading=\"lazy\" decoding=\"async\" src=\"\/wp-content\/uploads\/2024\/01\/abibooks_white-paper_ro.jpg\" width=\"600\" height=\"424\" alt=\"\" class=\"wp-image-4852 alignnone size-full\"><br \/><a class=\"btn\" href=\"\/wp-content\/uploads\/2024\/01\/ABIBOOKS-white-paper_RO.pdf\" target=\"_blank\" rel=\"noopener\">Desc\u0103rca\u021bi<\/a><\/p>\n<p>[\/et_pb_accordion_item][\/et_pb_accordion][\/et_pb_column][\/et_pb_row][\/et_pb_section]<\/p>\n","protected":false},"excerpt":{"rendered":"<p>Cartea alb\u0103 Cartea alb\u0103 Interactivitate: o cheie pentru dob\u00e2ndirea abilit\u0103\u021bilor de baz\u0103C\u0103r\u021bi la \u00eendem\u00e2n\u0103 Aceast\u0103 carte alb\u0103 a proiectului reune\u0219te m\u0103rturii \u0219i bune practici din partea profesorilor \u0219i p\u0103rin\u021bilor implica\u021bi \u00een fazele pilot ale diferitelor proiecte ale proiectului. De asemenea, partenerii au efectuat cercet\u0103ri pe tema interactivit\u0103\u021bii ca element \u00een dezvoltarea competen\u021belor de baz\u0103 \u00eenc\u0103 [&hellip;]<\/p>\n","protected":false},"author":1,"featured_media":0,"parent":0,"menu_order":0,"comment_status":"closed","ping_status":"closed","template":"","meta":{"_acf_changed":false,"_et_pb_use_builder":"on","_et_pb_old_content":"","_et_gb_content_width":"","footnotes":""},"class_list":["post-5577","page","type-page","status-publish","hentry"],"acf":[],"_links":{"self":[{"href":"https:\/\/abibooks-project.eu\/ro\/wp-json\/wp\/v2\/pages\/5577","targetHints":{"allow":["GET"]}}],"collection":[{"href":"https:\/\/abibooks-project.eu\/ro\/wp-json\/wp\/v2\/pages"}],"about":[{"href":"https:\/\/abibooks-project.eu\/ro\/wp-json\/wp\/v2\/types\/page"}],"author":[{"embeddable":true,"href":"https:\/\/abibooks-project.eu\/ro\/wp-json\/wp\/v2\/users\/1"}],"replies":[{"embeddable":true,"href":"https:\/\/abibooks-project.eu\/ro\/wp-json\/wp\/v2\/comments?post=5577"}],"version-history":[{"count":8,"href":"https:\/\/abibooks-project.eu\/ro\/wp-json\/wp\/v2\/pages\/5577\/revisions"}],"predecessor-version":[{"id":5646,"href":"https:\/\/abibooks-project.eu\/ro\/wp-json\/wp\/v2\/pages\/5577\/revisions\/5646"}],"wp:attachment":[{"href":"https:\/\/abibooks-project.eu\/ro\/wp-json\/wp\/v2\/media?parent=5577"}],"curies":[{"name":"wp","href":"https:\/\/api.w.org\/{rel}","templated":true}]}}