{"id":5537,"date":"2022-08-09T14:55:15","date_gmt":"2022-08-09T12:55:15","guid":{"rendered":"https:\/\/abibooks-project.eu\/modul-e-learning\/"},"modified":"2024-01-05T13:25:47","modified_gmt":"2024-01-05T11:25:47","slug":"modul-e-learning","status":"publish","type":"page","link":"https:\/\/abibooks-project.eu\/ro\/modul-e-learning\/","title":{"rendered":"Modul e-learning"},"content":{"rendered":"<p>[et_pb_section fb_built=&#8221;1&#8243; _builder_version=&#8221;4.23.1&#8243; _module_preset=&#8221;default&#8221; background_color=&#8221;#28224b&#8221; background_image=&#8221;https:\/\/abibooks-project.eu\/wp-content\/uploads\/2022\/08\/bandeau.png&#8221; custom_padding=&#8221;40px||40px||true|false&#8221; global_colors_info=&#8221;{}&#8221;][et_pb_row _builder_version=&#8221;4.23.1&#8243; _module_preset=&#8221;default&#8221; global_colors_info=&#8221;{}&#8221;][et_pb_column type=&#8221;4_4&#8243; _builder_version=&#8221;4.23.1&#8243; _module_preset=&#8221;default&#8221; global_colors_info=&#8221;{}&#8221;][et_pb_text _builder_version=&#8221;4.23.1&#8243; _module_preset=&#8221;default&#8221; text_font=&#8221;Comfortaa|700|||||||&#8221; text_text_color=&#8221;#ffffff&#8221; text_font_size=&#8221;2em&#8221; text_line_height=&#8221;1.8em&#8221; header_font=&#8221;Comfortaa|700|||||||&#8221; header_text_align=&#8221;center&#8221; header_text_color=&#8221;#FFFFFF&#8221; header_font_size=&#8221;1.2em&#8221; background_color=&#8221;#28224B&#8221; width=&#8221;80%&#8221; module_alignment=&#8221;center&#8221; global_colors_info=&#8221;{}&#8221;]<\/p>\n<h1 style=\"text-align: center;\">ABIbooks Do it Yourself<\/h1>\n<p style=\"text-align: center;\">Crea\u021bi-v\u0103 propriile c\u0103r\u021bi interactive<\/p>\n<p>[\/et_pb_text][\/et_pb_column][\/et_pb_row][\/et_pb_section][et_pb_section fb_built=&#8221;1&#8243; _builder_version=&#8221;4.23.1&#8243; _module_preset=&#8221;default&#8221; background_color=&#8221;#f8f8f8&#8243; custom_padding=&#8221;40px||40px||false|false&#8221; locked=&#8221;off&#8221; global_colors_info=&#8221;{}&#8221;][et_pb_row column_structure=&#8221;2_5,3_5&#8243; custom_padding_last_edited=&#8221;on|phone&#8221; _builder_version=&#8221;4.23.1&#8243; _module_preset=&#8221;default&#8221; width=&#8221;100%&#8221; max_width=&#8221;1200px&#8221; min_height=&#8221;1114.8px&#8221; custom_padding=&#8221;|50px||50px|false|true&#8221; custom_padding_tablet=&#8221;||||false|true&#8221; custom_padding_phone=&#8221;|20px||20px|false|true&#8221; global_colors_info=&#8221;{}&#8221;][et_pb_column type=&#8221;2_5&#8243; _builder_version=&#8221;4.19.0&#8243; _module_preset=&#8221;default&#8221; global_colors_info=&#8221;{}&#8221;][et_pb_text _builder_version=&#8221;4.23.1&#8243; _module_preset=&#8221;29125e68-daf6-467e-afb8-3b7a1da25fa6&#8243; header_2_font_size=&#8221;1.8em&#8221; max_width=&#8221;600px&#8221; global_colors_info=&#8221;{}&#8221;]<\/p>\n<h2>Cum s\u0103-mi creez propriile c\u0103r\u021bi electronice?<\/h2>\n<p>Acest modul de e-learning ofer\u0103 instruire pentru profesori \u0219i p\u0103rin\u021bi \u00een crearea propriilor c\u0103r\u021bi interactive. Acesta const\u0103 \u00een tutoriale video \u0219i fi\u0219e practice care ofer\u0103 explica\u021bii \u0219i sfaturi practice. Principalele teme de crea\u021bie:  <\/p>\n<ul>\n<li>Pentru obiective pedagogice<\/li>\n<li>Adaptate pentru elevii cu tulbur\u0103ri specifice de \u00eenv\u0103\u021bare<\/li>\n<li>Utilizarea unor instrumente recomandate<\/li>\n<\/ul>\n<p>[\/et_pb_text][\/et_pb_column][et_pb_column type=&#8221;3_5&#8243; _builder_version=&#8221;4.19.0&#8243; _module_preset=&#8221;default&#8221; global_colors_info=&#8221;{}&#8221;][et_pb_accordion open_toggle_text_color=&#8221;#28224B&#8221; open_toggle_background_color=&#8221;#FFFFFF&#8221; closed_toggle_text_color=&#8221;#28224B&#8221; closed_toggle_background_color=&#8221;#FFFFFF&#8221; icon_color=&#8221;#28224B&#8221; module_class=&#8221;e-learning&#8221; _builder_version=&#8221;4.23.1&#8243; _module_preset=&#8221;default&#8221; toggle_text_color=&#8221;#28224B&#8221; max_width=&#8221;600px&#8221; border_width_all=&#8221;2px&#8221; border_color_all=&#8221;RGBA(255,255,255,0)&#8221; global_colors_info=&#8221;{}&#8221; open_toggle_background_color__hover_enabled=&#8221;off|desktop&#8221; closed_toggle_background_color__hover_enabled=&#8221;off|desktop&#8221;][et_pb_accordion_item title=&#8221;Introducere&#8221; open=&#8221;on&#8221; _builder_version=&#8221;4.23.1&#8243; _module_preset=&#8221;default&#8221; global_colors_info=&#8221;{}&#8221;]<iframe width=\"560\" height=\"315\" src=\"https:\/\/www.youtube.com\/embed\/x_dwvLLKwQQ?si=4s7KaOyc2I99VQRe\" title=\"YouTube video player\" frameborder=\"0\" allow=\"accelerometer; autoplay; clipboard-write; encrypted-media; gyroscope; picture-in-picture; web-share\" allowfullscreen=\"\" loading=\"lazy\"><\/iframe>[\/et_pb_accordion_item][et_pb_accordion_item title=&#8221;Unitatea 1 &#8211; Crearea unei c\u0103r\u021bi digitale pentru un grup de v\u00e2rst\u0103&#8221; _builder_version=&#8221;4.23.1&#8243; _module_preset=&#8221;default&#8221; global_colors_info=&#8221;{}&#8221; open=&#8221;off&#8221;]<iframe width=\"560\" height=\"315\" src=\"https:\/\/www.youtube.com\/embed\/1b01zNYy2UQ?si=tLGlnD7OL05rQEXB\" title=\"YouTube video player\" frameborder=\"0\" allow=\"accelerometer; autoplay; clipboard-write; encrypted-media; gyroscope; picture-in-picture; web-share\" allowfullscreen=\"\" loading=\"lazy\"><\/iframe><a class=\"btn\" href=\"\/wp-content\/uploads\/2024\/01\/ABIbooks-UNITATEA-1-Fisa-de-lucru.pdf\" target=\"_blank\" rel=\"noopener\">Fis\u0326a\u0306 de lucru<\/a>[\/et_pb_accordion_item][et_pb_accordion_item title=&#8221;Unitatea 2 &#8211; Furnizarea de cuno\u0219tin\u021be despre CES&#8221; _builder_version=&#8221;4.23.1&#8243; _module_preset=&#8221;default&#8221; global_colors_info=&#8221;{}&#8221; open=&#8221;off&#8221;]<a class=\"btn\" href=\"\/wp-content\/uploads\/2024\/01\/ABIbooks-UNITATEA-2-Fisa-de-lucru.pdf\" target=\"_blank\" rel=\"noopener\">Fis\u0326a\u0306 de lucru<\/a>[\/et_pb_accordion_item][et_pb_accordion_item title=&#8221;Unitatea 3 &#8211; Cum s\u0103 creezi o poveste&#8221; _builder_version=&#8221;4.23.1&#8243; _module_preset=&#8221;default&#8221; global_colors_info=&#8221;{}&#8221; open=&#8221;off&#8221;]<iframe width=\"560\" height=\"315\" src=\"https:\/\/www.youtube.com\/embed\/wiUWX8fFwJM?si=vjgCSSgjhsQA_BIq\" title=\"YouTube video player\" frameborder=\"0\" allow=\"accelerometer; autoplay; clipboard-write; encrypted-media; gyroscope; picture-in-picture; web-share\" allowfullscreen=\"\" loading=\"lazy\"><\/iframe><a class=\"btn\" href=\"\/wp-content\/uploads\/2024\/01\/ABIbooks-UNITATEA-3-Fisa-de-lucru.pdf\" target=\"_blank\" rel=\"noopener\">Fis\u0326a\u0306 de lucru<\/a>[\/et_pb_accordion_item][et_pb_accordion_item title=&#8221;Unitatea 4 &#8211; Povestiri digitale interactive&#8221; _builder_version=&#8221;4.23.1&#8243; _module_preset=&#8221;default&#8221; global_colors_info=&#8221;{}&#8221; open=&#8221;off&#8221;]<iframe width=\"560\" height=\"315\" src=\"https:\/\/www.youtube.com\/embed\/8vLvxENiBfY?si=moU8Shi6cZuIrDiy\" title=\"YouTube video player\" frameborder=\"0\" allow=\"accelerometer; autoplay; clipboard-write; encrypted-media; gyroscope; picture-in-picture; web-share\" allowfullscreen=\"\" loading=\"lazy\"><\/iframe><a class=\"btn\" href=\"\/wp-content\/uploads\/2024\/01\/ABIbooks-UNITATEA-4-Fisa-de-lucru.pdf\" target=\"_blank\" rel=\"noopener\">Fis\u0326a\u0306 de lucru<\/a>[\/et_pb_accordion_item][et_pb_accordion_item title=&#8221;Unitatea 5 &#8211; Crearea unui storyboard&#8221; _builder_version=&#8221;4.23.1&#8243; _module_preset=&#8221;default&#8221; global_colors_info=&#8221;{}&#8221; open=&#8221;off&#8221;]<a class=\"btn\" href=\"\/wp-content\/uploads\/2024\/01\/ABIbooks-UNITATEA-5A-Fisa-de-lucru.pdf\" target=\"_blank\" rel=\"noopener\">Fis\u0326a\u0306 de lucru 1<\/a><a class=\"btn\" href=\"\/wp-content\/uploads\/2024\/01\/ABIbooks-UNITATEA-5B-Fisa-de-lucru.pdf\" target=\"_blank\" rel=\"noopener\">Fis\u0326a\u0306 de lucru 2<\/a>[\/et_pb_accordion_item][et_pb_accordion_item title=&#8221;Unitatea 6 &#8211; No\u021biuni de baz\u0103 pentru a cunoa\u0219te software-ul Pubcoder&#8221; _builder_version=&#8221;4.23.1&#8243; _module_preset=&#8221;default&#8221; global_colors_info=&#8221;{}&#8221; open=&#8221;off&#8221;]<iframe width=\"560\" height=\"315\" src=\"https:\/\/www.youtube.com\/embed\/ZpP33FIA3k4?si=iL1PdOn-2BTW0QLU\" title=\"YouTube video player\" frameborder=\"0\" allow=\"accelerometer; autoplay; clipboard-write; encrypted-media; gyroscope; picture-in-picture; web-share\" allowfullscreen=\"\" loading=\"lazy\"><\/iframe><a class=\"btn\" href=\"\/wp-content\/uploads\/2024\/01\/ABIbooks-UNITATEA-6-Fisa-de-lucru.pdf\" target=\"_blank\" rel=\"noopener\">Fis\u0326a\u0306 de lucru<\/a>[\/et_pb_accordion_item][et_pb_accordion_item title=&#8221;Unitatea 7 &#8211; Preg\u0103tirea con\u021binutului pentru digital: audio, foto \u0219i video&#8221; _builder_version=&#8221;4.23.1&#8243; _module_preset=&#8221;default&#8221; global_colors_info=&#8221;{}&#8221; open=&#8221;off&#8221;]<iframe width=\"560\" height=\"315\" src=\"https:\/\/www.youtube.com\/embed\/YZpBKz8-h-E?si=eC_3DmZEC96kO71I\" title=\"YouTube video player\" frameborder=\"0\" allow=\"accelerometer; autoplay; clipboard-write; encrypted-media; gyroscope; picture-in-picture; web-share\" allowfullscreen=\"\" loading=\"lazy\"><\/iframe><iframe width=\"560\" height=\"315\" src=\"https:\/\/www.youtube.com\/embed\/h7Hh3WmjhKM?si=0cMbHxF6twSLaKB8\" title=\"YouTube video player\" frameborder=\"0\" allow=\"accelerometer; autoplay; clipboard-write; encrypted-media; gyroscope; picture-in-picture; web-share\" allowfullscreen=\"\" loading=\"lazy\"><\/iframe><a class=\"btn\" href=\"\/wp-content\/uploads\/2024\/01\/ABIbooks-UNITATEA-7-Fisa-de-lucru.pdf\" target=\"_blank\" rel=\"noopener\">Fis\u0326a\u0306 de lucru<\/a>[\/et_pb_accordion_item][et_pb_accordion_item title=&#8221;Unitatea 8 &#8211; Importa\u021bi \u0219i aranja\u021bi con\u021binutul dvs&#8221; _builder_version=&#8221;4.23.1&#8243; _module_preset=&#8221;default&#8221; global_colors_info=&#8221;{}&#8221; open=&#8221;off&#8221;]<iframe width=\"560\" height=\"315\" src=\"https:\/\/www.youtube.com\/embed\/IBub0jvHAnA?si=NjapXna8F1yPmGet\" title=\"YouTube video player\" frameborder=\"0\" allow=\"accelerometer; autoplay; clipboard-write; encrypted-media; gyroscope; picture-in-picture; web-share\" allowfullscreen=\"\" loading=\"lazy\"><\/iframe><a class=\"btn\" href=\"\/wp-content\/uploads\/2024\/01\/ABIbooks-UNITATEA-8-Fisa-de-lucru.pdf\" target=\"_blank\" rel=\"noopener\">Fis\u0326a\u0306 de lucru<\/a>[\/et_pb_accordion_item][et_pb_accordion_item title=&#8221;Unitatea 9 &#8211; Ad\u0103ugarea de caracteristici&#8221; _builder_version=&#8221;4.23.1&#8243; _module_preset=&#8221;default&#8221; global_colors_info=&#8221;{}&#8221; open=&#8221;off&#8221;]<iframe width=\"560\" height=\"315\" src=\"https:\/\/www.youtube.com\/embed\/S-ffKLLYJyg?si=VZpK1LVess_ePoUd\" title=\"YouTube video player\" frameborder=\"0\" allow=\"accelerometer; autoplay; clipboard-write; encrypted-media; gyroscope; picture-in-picture; web-share\" allowfullscreen=\"\" loading=\"lazy\"><\/iframe><a class=\"btn\" href=\"\/wp-content\/uploads\/2024\/01\/ABIbooks-UNITATEA-9-Fisa-de-lucru.pdf\" target=\"_blank\" rel=\"noopener\">Fis\u0326a\u0306 de lucru<\/a>[\/et_pb_accordion_item][et_pb_accordion_item title=&#8221;Unitatea 10 &#8211; \u00cemp\u0103rt\u0103\u0219irea c\u0103r\u021bii electronice&#8221; _builder_version=&#8221;4.23.1&#8243; _module_preset=&#8221;default&#8221; global_colors_info=&#8221;{}&#8221; open=&#8221;off&#8221;]<iframe width=\"560\" height=\"315\" src=\"https:\/\/www.youtube.com\/embed\/1HzuFl1K5RI?si=p64QERrygc7eM2Am\" title=\"YouTube video player\" frameborder=\"0\" allow=\"accelerometer; autoplay; clipboard-write; encrypted-media; gyroscope; picture-in-picture; web-share\" allowfullscreen=\"\" loading=\"lazy\"><\/iframe><a class=\"btn\" href=\"\/wp-content\/uploads\/2024\/01\/ABIbooks-UNITATEA-10-Fisa-de-lucru.pdf\" target=\"_blank\" rel=\"noopener\">Fis\u0326a\u0306 de lucru<\/a>[\/et_pb_accordion_item][et_pb_accordion_item title=&#8221;Concluzie&#8221; _builder_version=&#8221;4.23.1&#8243; _module_preset=&#8221;default&#8221; global_colors_info=&#8221;{}&#8221; open=&#8221;off&#8221;]<iframe width=\"560\" height=\"315\" src=\"https:\/\/www.youtube.com\/embed\/wkxbLBeQ5D4?si=4CLyqqN27qP92WzH\" title=\"YouTube video player\" frameborder=\"0\" allow=\"accelerometer; autoplay; clipboard-write; encrypted-media; gyroscope; picture-in-picture; web-share\" allowfullscreen=\"\" loading=\"lazy\"><\/iframe>[\/et_pb_accordion_item][\/et_pb_accordion][\/et_pb_column][\/et_pb_row][\/et_pb_section]<\/p>\n","protected":false},"excerpt":{"rendered":"<p>ABIbooks Do it Yourself Crea\u021bi-v\u0103 propriile c\u0103r\u021bi interactiveCum s\u0103-mi creez propriile c\u0103r\u021bi electronice? Acest modul de e-learning ofer\u0103 instruire pentru profesori \u0219i p\u0103rin\u021bi \u00een crearea propriilor c\u0103r\u021bi interactive. Acesta const\u0103 \u00een tutoriale video \u0219i fi\u0219e practice care ofer\u0103 explica\u021bii \u0219i sfaturi practice. Principalele teme de crea\u021bie: Pentru obiective pedagogice Adaptate pentru elevii cu tulbur\u0103ri specifice [&hellip;]<\/p>\n","protected":false},"author":1,"featured_media":0,"parent":0,"menu_order":0,"comment_status":"closed","ping_status":"closed","template":"","meta":{"_acf_changed":false,"_et_pb_use_builder":"on","_et_pb_old_content":"","_et_gb_content_width":"","footnotes":""},"class_list":["post-5537","page","type-page","status-publish","hentry"],"acf":[],"_links":{"self":[{"href":"https:\/\/abibooks-project.eu\/ro\/wp-json\/wp\/v2\/pages\/5537","targetHints":{"allow":["GET"]}}],"collection":[{"href":"https:\/\/abibooks-project.eu\/ro\/wp-json\/wp\/v2\/pages"}],"about":[{"href":"https:\/\/abibooks-project.eu\/ro\/wp-json\/wp\/v2\/types\/page"}],"author":[{"embeddable":true,"href":"https:\/\/abibooks-project.eu\/ro\/wp-json\/wp\/v2\/users\/1"}],"replies":[{"embeddable":true,"href":"https:\/\/abibooks-project.eu\/ro\/wp-json\/wp\/v2\/comments?post=5537"}],"version-history":[{"count":2,"href":"https:\/\/abibooks-project.eu\/ro\/wp-json\/wp\/v2\/pages\/5537\/revisions"}],"predecessor-version":[{"id":5539,"href":"https:\/\/abibooks-project.eu\/ro\/wp-json\/wp\/v2\/pages\/5537\/revisions\/5539"}],"wp:attachment":[{"href":"https:\/\/abibooks-project.eu\/ro\/wp-json\/wp\/v2\/media?parent=5537"}],"curies":[{"name":"wp","href":"https:\/\/api.w.org\/{rel}","templated":true}]}}