{"id":5392,"date":"2022-08-09T14:55:15","date_gmt":"2022-08-09T12:55:15","guid":{"rendered":"https:\/\/abibooks-project.eu\/modul-e-learningowy\/"},"modified":"2023-12-21T17:26:50","modified_gmt":"2023-12-21T15:26:50","slug":"modul-e-learningowy","status":"publish","type":"page","link":"https:\/\/abibooks-project.eu\/pl\/modul-e-learningowy\/","title":{"rendered":"Modu\u0142 e-learningowy"},"content":{"rendered":"<p>[et_pb_section fb_built=&#8221;1&#8243; _builder_version=&#8221;4.23.1&#8243; _module_preset=&#8221;default&#8221; background_color=&#8221;#28224b&#8221; background_image=&#8221;https:\/\/abibooks-project.eu\/wp-content\/uploads\/2022\/08\/bandeau.png&#8221; custom_padding=&#8221;40px||40px||true|false&#8221; global_colors_info=&#8221;{}&#8221;][et_pb_row _builder_version=&#8221;4.23.1&#8243; _module_preset=&#8221;default&#8221; global_colors_info=&#8221;{}&#8221;][et_pb_column type=&#8221;4_4&#8243; _builder_version=&#8221;4.23.1&#8243; _module_preset=&#8221;default&#8221; global_colors_info=&#8221;{}&#8221;][et_pb_text _builder_version=&#8221;4.23.1&#8243; _module_preset=&#8221;default&#8221; text_font=&#8221;Comfortaa|700|||||||&#8221; text_text_color=&#8221;#ffffff&#8221; text_font_size=&#8221;2em&#8221; text_line_height=&#8221;1.8em&#8221; header_font=&#8221;Comfortaa|700|||||||&#8221; header_text_align=&#8221;center&#8221; header_text_color=&#8221;#FFFFFF&#8221; header_font_size=&#8221;1.2em&#8221; background_color=&#8221;#28224B&#8221; width=&#8221;80%&#8221; module_alignment=&#8221;center&#8221; global_colors_info=&#8221;{}&#8221;]<\/p>\n<h1 style=\"text-align: center;\">ABIbooks Do it Yourself<\/h1>\n<p style=\"text-align: center;\">Tw\u00f3rz w\u0142asne interaktywne ksi\u0105\u017cki<\/p>\n<p>[\/et_pb_text][\/et_pb_column][\/et_pb_row][\/et_pb_section][et_pb_section fb_built=&#8221;1&#8243; _builder_version=&#8221;4.23.1&#8243; _module_preset=&#8221;default&#8221; background_color=&#8221;#f8f8f8&#8243; custom_padding=&#8221;40px||40px||false|false&#8221; locked=&#8221;off&#8221; global_colors_info=&#8221;{}&#8221;][et_pb_row column_structure=&#8221;2_5,3_5&#8243; custom_padding_last_edited=&#8221;on|phone&#8221; _builder_version=&#8221;4.23.1&#8243; _module_preset=&#8221;default&#8221; width=&#8221;100%&#8221; max_width=&#8221;1200px&#8221; min_height=&#8221;1114.8px&#8221; custom_padding=&#8221;|50px||50px|false|true&#8221; custom_padding_tablet=&#8221;||||false|true&#8221; custom_padding_phone=&#8221;|20px||20px|false|true&#8221; global_colors_info=&#8221;{}&#8221;][et_pb_column type=&#8221;2_5&#8243; _builder_version=&#8221;4.19.0&#8243; _module_preset=&#8221;default&#8221; global_colors_info=&#8221;{}&#8221;][et_pb_text _builder_version=&#8221;4.23.1&#8243; _module_preset=&#8221;29125e68-daf6-467e-afb8-3b7a1da25fa6&#8243; header_2_font_size=&#8221;1.8em&#8221; max_width=&#8221;600px&#8221; global_colors_info=&#8221;{}&#8221;]<\/p>\n<h2>Jak tworzy\u0107 w\u0142asne ebooki?<\/h2>\n<p>Ten modu\u0142 e-learningowy zapewnia szkolenie dla nauczycieli i rodzic\u00f3w w zakresie tworzenia w\u0142asnych interaktywnych ksi\u0105\u017cek. Sk\u0142ada si\u0119 z samouczk\u00f3w wideo i arkuszy \u0107wicze\u0144 zawieraj\u0105cych praktyczne wyja\u015bnienia i porady. G\u0142\u00f3wne tematy:  <\/p>\n<ul>\n<li>Do cel\u00f3w pedagogicznych<\/li>\n<li>Przystosowane do uczni\u00f3w ze specyficznymi zaburzeniami uczenia si\u0119<\/li>\n<li>Wykorzystanie niekt\u00f3rych zalecanych narz\u0119dzi<\/li>\n<\/ul>\n<p>[\/et_pb_text][\/et_pb_column][et_pb_column type=&#8221;3_5&#8243; _builder_version=&#8221;4.19.0&#8243; _module_preset=&#8221;default&#8221; global_colors_info=&#8221;{}&#8221;][et_pb_accordion open_toggle_text_color=&#8221;#28224B&#8221; open_toggle_background_color=&#8221;#FFFFFF&#8221; closed_toggle_text_color=&#8221;#28224B&#8221; closed_toggle_background_color=&#8221;#FFFFFF&#8221; icon_color=&#8221;#28224B&#8221; module_class=&#8221;e-learning&#8221; _builder_version=&#8221;4.23.1&#8243; _module_preset=&#8221;default&#8221; toggle_text_color=&#8221;#28224B&#8221; max_width=&#8221;600px&#8221; border_width_all=&#8221;2px&#8221; border_color_all=&#8221;RGBA(255,255,255,0)&#8221; global_colors_info=&#8221;{}&#8221; open_toggle_background_color__hover_enabled=&#8221;off|desktop&#8221; closed_toggle_background_color__hover_enabled=&#8221;off|desktop&#8221;][et_pb_accordion_item title=&#8221;Wprowadzenie&#8221; open=&#8221;on&#8221; _builder_version=&#8221;4.23.1&#8243; _module_preset=&#8221;default&#8221; global_colors_info=&#8221;{}&#8221;]<iframe width=\"560\" height=\"315\" src=\"https:\/\/www.youtube.com\/embed\/ROAAExdzeI8?si=z7Mx1ZUQk2BzDfeI\" title=\"YouTube video player\" frameborder=\"0\" allow=\"accelerometer; autoplay; clipboard-write; encrypted-media; gyroscope; picture-in-picture; web-share\" allowfullscreen=\"\" loading=\"lazy\"><\/iframe>[\/et_pb_accordion_item][et_pb_accordion_item title=&#8221;JEDNOSTKA 1- Tworzenie ksi\u0105\u017cki cyfrowej dla grupy wiekowej&#8221; _builder_version=&#8221;4.23.1&#8243; _module_preset=&#8221;default&#8221; global_colors_info=&#8221;{}&#8221; open=&#8221;off&#8221;]<iframe width=\"560\" height=\"315\" src=\"https:\/\/www.youtube.com\/embed\/duQ1QWMhFng?si=QRxewAdSLC3URTtn\" title=\"YouTube video player\" frameborder=\"0\" allow=\"accelerometer; autoplay; clipboard-write; encrypted-media; gyroscope; picture-in-picture; web-share\" allowfullscreen=\"\" loading=\"lazy\"><\/iframe><a class=\"btn\" href=\"\/wp-content\/uploads\/2023\/12\/ABIbooks-UNIT-1-Arkusz-cwiczen.pdf\" target=\"_blank\" rel=\"noopener\">Arkusz c\u0301wiczen\u0301<\/a>[\/et_pb_accordion_item][et_pb_accordion_item title=&#8221;JEDNOSTKA 2 &#8211; Uwzgl\u0119dnianie potrzeb dzieci ze specjalnymi potrzebami&#8221; _builder_version=&#8221;4.23.1&#8243; _module_preset=&#8221;default&#8221; global_colors_info=&#8221;{}&#8221; open=&#8221;off&#8221;]<a class=\"btn\" href=\"\/wp-content\/uploads\/2023\/12\/ABIbooks-UNIT-2-Arkusz-cwiczen.pdf\" target=\"_blank\" rel=\"noopener\">Arkusz \u0107wicze\u0144<\/a>[\/et_pb_accordion_item][et_pb_accordion_item title=&#8221;JEDNOSTKA 3 &#8211; Jak stworzy\u0107 histori\u0119&#8221; _builder_version=&#8221;4.23.1&#8243; _module_preset=&#8221;default&#8221; global_colors_info=&#8221;{}&#8221; open=&#8221;off&#8221;]<iframe width=\"560\" height=\"315\" src=\"https:\/\/www.youtube.com\/embed\/4-8fcHMVNb4?si=y8oBF5D5TNfQwhMQ\" title=\"YouTube video player\" frameborder=\"0\" allow=\"accelerometer; autoplay; clipboard-write; encrypted-media; gyroscope; picture-in-picture; web-share\" allowfullscreen=\"\" loading=\"lazy\"><\/iframe><a class=\"btn\" href=\"\/wp-content\/uploads\/2023\/12\/ABIbooks-UNIT-3-Arkusz-cwiczen.pdf\" target=\"_blank\" rel=\"noopener\">Arkusz \u0107wicze\u0144<\/a>[\/et_pb_accordion_item][et_pb_accordion_item title=&#8221;JEDNOSTKA 4 &#8211; Interaktywny cyfrowy storytelling&#8221; _builder_version=&#8221;4.23.1&#8243; _module_preset=&#8221;default&#8221; global_colors_info=&#8221;{}&#8221; open=&#8221;off&#8221;]<iframe width=\"560\" height=\"315\" src=\"https:\/\/www.youtube.com\/embed\/gyXwZh9AP4w?si=jCfyDzGS0Alha5Mh\" title=\"YouTube video player\" frameborder=\"0\" allow=\"accelerometer; autoplay; clipboard-write; encrypted-media; gyroscope; picture-in-picture; web-share\" allowfullscreen=\"\" loading=\"lazy\"><\/iframe><a class=\"btn\" href=\"\/wp-content\/uploads\/2023\/12\/ABIbooks-UNIT-4-Arkusz-cwiczen.pdf\" target=\"_blank\" rel=\"noopener\">Arkusz \u0107wicze\u0144<\/a>[\/et_pb_accordion_item][et_pb_accordion_item title=&#8221;JEDNOSTKA 5 &#8211; Tworzenie storyboardu&#8221; _builder_version=&#8221;4.23.1&#8243; _module_preset=&#8221;default&#8221; global_colors_info=&#8221;{}&#8221; open=&#8221;off&#8221;]<a class=\"btn\" href=\"\/wp-content\/uploads\/2023\/12\/ABIbooks-UNIT-5-A-Arkusz-cwiczen.pdf\" target=\"_blank\" rel=\"noopener\">Arkusz c\u0301wiczen\u0301 1<\/a><a class=\"btn\" href=\"\/wp-content\/uploads\/2023\/12\/ABIbooks-UNIT-5-B-Arkusz-cwiczen.pdf\" target=\"_blank\" rel=\"noopener\">Arkusz c\u0301wiczen\u0301 2<\/a>[\/et_pb_accordion_item][et_pb_accordion_item title=&#8221;JEDNOSTKA 6 &#8211; Zapoznanie si\u0119 z oprogramowaniem Pubcoder&#8221; _builder_version=&#8221;4.23.1&#8243; _module_preset=&#8221;default&#8221; global_colors_info=&#8221;{}&#8221; open=&#8221;off&#8221;]<iframe width=\"560\" height=\"315\" src=\"https:\/\/www.youtube.com\/embed\/_CtWSR5Ms08?si=uuWEF35WhTwTvKLw\" title=\"YouTube video player\" frameborder=\"0\" allow=\"accelerometer; autoplay; clipboard-write; encrypted-media; gyroscope; picture-in-picture; web-share\" allowfullscreen=\"\" loading=\"lazy\"><\/iframe><a class=\"btn\" href=\"\/wp-content\/uploads\/2023\/12\/ABIbooks-UNIT-6-Arkusz-cwiczen.pdf\" target=\"_blank\" rel=\"noopener\">Arkusz \u0107wicze\u0144<\/a>[\/et_pb_accordion_item][et_pb_accordion_item title=&#8221;JEDNOSTKA 7 &#8211; Przygotowywanie tre\u015bci cyfrowych: audio, zdj\u0119\u0107 i film\u00f3w&#8221; _builder_version=&#8221;4.23.1&#8243; _module_preset=&#8221;default&#8221; global_colors_info=&#8221;{}&#8221; open=&#8221;off&#8221;]<iframe width=\"560\" height=\"315\" src=\"https:\/\/www.youtube.com\/embed\/H-L1Ha-CnU0?si=9PpLmBDWEny1fo-J\" title=\"YouTube video player\" frameborder=\"0\" allow=\"accelerometer; autoplay; clipboard-write; encrypted-media; gyroscope; picture-in-picture; web-share\" allowfullscreen=\"\" loading=\"lazy\"><\/iframe><iframe width=\"560\" height=\"315\" src=\"https:\/\/www.youtube.com\/embed\/UI9iaDBKzgc?si=-6Yqr_FLnUnF5NrT\" title=\"YouTube video player\" frameborder=\"0\" allow=\"accelerometer; autoplay; clipboard-write; encrypted-media; gyroscope; picture-in-picture; web-share\" allowfullscreen=\"\" loading=\"lazy\"><\/iframe><a class=\"btn\" href=\"\/wp-content\/uploads\/2023\/12\/ABIbooks-UNIT-7-Arkusz-cwiczen.pdf\" target=\"_blank\" rel=\"noopener\">Arkusz \u0107wicze\u0144<\/a>[\/et_pb_accordion_item][et_pb_accordion_item title=&#8221;JEDNOSTKA 8 &#8211; Importowanie i uk\u0142adanie tre\u015bci&#8221; _builder_version=&#8221;4.23.1&#8243; _module_preset=&#8221;default&#8221; global_colors_info=&#8221;{}&#8221; open=&#8221;off&#8221;]<iframe width=\"560\" height=\"315\" src=\"https:\/\/www.youtube.com\/embed\/M78P2HSM9wE?si=fFl2UKYifdzen0q6\" title=\"YouTube video player\" frameborder=\"0\" allow=\"accelerometer; autoplay; clipboard-write; encrypted-media; gyroscope; picture-in-picture; web-share\" allowfullscreen=\"\" loading=\"lazy\"><\/iframe><a class=\"btn\" href=\"\/wp-content\/uploads\/2023\/12\/ABIbooks-UNIT-8-Arkusz-cwiczen.pdf\" target=\"_blank\" rel=\"noopener\">Arkusz \u0107wicze\u0144<\/a>[\/et_pb_accordion_item][et_pb_accordion_item title=&#8221;JEDNOSTKA 9 &#8211; Dodawanie funkcji&#8221; _builder_version=&#8221;4.23.1&#8243; _module_preset=&#8221;default&#8221; global_colors_info=&#8221;{}&#8221; open=&#8221;off&#8221;]<iframe width=\"560\" height=\"315\" src=\"https:\/\/www.youtube.com\/embed\/3jBCpJqj0Hc?si=H-mR__jfIbl1aVMO\" title=\"YouTube video player\" frameborder=\"0\" allow=\"accelerometer; autoplay; clipboard-write; encrypted-media; gyroscope; picture-in-picture; web-share\" allowfullscreen=\"\" loading=\"lazy\"><\/iframe><a class=\"btn\" href=\"\/wp-content\/uploads\/2023\/12\/ABIbooks-UNIT-9-Arkusz-cwiczen.pdf\" target=\"_blank\" rel=\"noopener\">Arkusz \u0107wicze\u0144<\/a>[\/et_pb_accordion_item][et_pb_accordion_item title=&#8221;JEDNOSTKA 10 &#8211; Udost\u0119pnianie e-booka&#8221; _builder_version=&#8221;4.23.1&#8243; _module_preset=&#8221;default&#8221; global_colors_info=&#8221;{}&#8221; open=&#8221;off&#8221;]<iframe width=\"560\" height=\"315\" src=\"https:\/\/www.youtube.com\/embed\/XAhUirlgq_U?si=QaW1sF0AOd_6udcg\" title=\"YouTube video player\" frameborder=\"0\" allow=\"accelerometer; autoplay; clipboard-write; encrypted-media; gyroscope; picture-in-picture; web-share\" allowfullscreen=\"\" loading=\"lazy\"><\/iframe><a class=\"btn\" href=\"\/wp-content\/uploads\/2023\/12\/ABIbooks-UNIT-10-Arkusz-cwiczen.pdf\" target=\"_blank\" rel=\"noopener\">Arkusz \u0107wicze\u0144<\/a>[\/et_pb_accordion_item][et_pb_accordion_item title=&#8221;Wnioski&#8221; _builder_version=&#8221;4.23.1&#8243; _module_preset=&#8221;default&#8221; global_colors_info=&#8221;{}&#8221; open=&#8221;off&#8221;]<iframe width=\"560\" height=\"315\" src=\"https:\/\/www.youtube.com\/embed\/-ATaIG4eYjI?si=r6KDd_aMgnmtDRnS\" title=\"YouTube video player\" frameborder=\"0\" allow=\"accelerometer; autoplay; clipboard-write; encrypted-media; gyroscope; picture-in-picture; web-share\" allowfullscreen=\"\" loading=\"lazy\"><\/iframe>[\/et_pb_accordion_item][\/et_pb_accordion][\/et_pb_column][\/et_pb_row][\/et_pb_section]<\/p>\n","protected":false},"excerpt":{"rendered":"<p>ABIbooks Do it Yourself Tw\u00f3rz w\u0142asne interaktywne ksi\u0105\u017ckiJak tworzy\u0107 w\u0142asne ebooki? Ten modu\u0142 e-learningowy zapewnia szkolenie dla nauczycieli i rodzic\u00f3w w zakresie tworzenia w\u0142asnych interaktywnych ksi\u0105\u017cek. Sk\u0142ada si\u0119 z samouczk\u00f3w wideo i arkuszy \u0107wicze\u0144 zawieraj\u0105cych praktyczne wyja\u015bnienia i porady. G\u0142\u00f3wne tematy: Do cel\u00f3w pedagogicznych Przystosowane do uczni\u00f3w ze specyficznymi zaburzeniami uczenia si\u0119 Wykorzystanie niekt\u00f3rych zalecanych [&hellip;]<\/p>\n","protected":false},"author":1,"featured_media":0,"parent":0,"menu_order":0,"comment_status":"closed","ping_status":"closed","template":"","meta":{"_acf_changed":false,"_et_pb_use_builder":"on","_et_pb_old_content":"","_et_gb_content_width":"","footnotes":""},"class_list":["post-5392","page","type-page","status-publish","hentry"],"acf":[],"_links":{"self":[{"href":"https:\/\/abibooks-project.eu\/pl\/wp-json\/wp\/v2\/pages\/5392","targetHints":{"allow":["GET"]}}],"collection":[{"href":"https:\/\/abibooks-project.eu\/pl\/wp-json\/wp\/v2\/pages"}],"about":[{"href":"https:\/\/abibooks-project.eu\/pl\/wp-json\/wp\/v2\/types\/page"}],"author":[{"embeddable":true,"href":"https:\/\/abibooks-project.eu\/pl\/wp-json\/wp\/v2\/users\/1"}],"replies":[{"embeddable":true,"href":"https:\/\/abibooks-project.eu\/pl\/wp-json\/wp\/v2\/comments?post=5392"}],"version-history":[{"count":2,"href":"https:\/\/abibooks-project.eu\/pl\/wp-json\/wp\/v2\/pages\/5392\/revisions"}],"predecessor-version":[{"id":5394,"href":"https:\/\/abibooks-project.eu\/pl\/wp-json\/wp\/v2\/pages\/5392\/revisions\/5394"}],"wp:attachment":[{"href":"https:\/\/abibooks-project.eu\/pl\/wp-json\/wp\/v2\/media?parent=5392"}],"curies":[{"name":"wp","href":"https:\/\/api.w.org\/{rel}","templated":true}]}}