{"id":5246,"date":"2022-08-09T14:55:48","date_gmt":"2022-08-09T12:55:48","guid":{"rendered":"https:\/\/abibooks-project.eu\/biala-ksiega-biala-ksiega\/"},"modified":"2024-01-08T16:55:33","modified_gmt":"2024-01-08T14:55:33","slug":"biala-ksiega-biala-ksiega","status":"publish","type":"page","link":"https:\/\/abibooks-project.eu\/pl\/biala-ksiega-biala-ksiega\/","title":{"rendered":"Bia\u0142a Ksi\u0119ga Bia\u0142a ksi\u0119ga"},"content":{"rendered":"<p>[et_pb_section fb_built=&#8221;1&#8243; _builder_version=&#8221;4.23.1&#8243; _module_preset=&#8221;default&#8221; background_color=&#8221;#28224b&#8221; background_image=&#8221;https:\/\/abibooks-project.eu\/wp-content\/uploads\/2022\/08\/bandeau.png&#8221; custom_padding=&#8221;40px||40px||true|false&#8221; locked=&#8221;off&#8221; global_colors_info=&#8221;{}&#8221;][et_pb_row _builder_version=&#8221;4.23.1&#8243; _module_preset=&#8221;default&#8221; global_colors_info=&#8221;{}&#8221;][et_pb_column type=&#8221;4_4&#8243; _builder_version=&#8221;4.23.1&#8243; _module_preset=&#8221;default&#8221; global_colors_info=&#8221;{}&#8221;][et_pb_text _builder_version=&#8221;4.23.1&#8243; _module_preset=&#8221;default&#8221; text_font=&#8221;Comfortaa|700|||||||&#8221; text_text_color=&#8221;#ffffff&#8221; text_font_size=&#8221;2em&#8221; text_line_height=&#8221;1.8em&#8221; header_font=&#8221;Comfortaa|700|||||||&#8221; header_text_align=&#8221;center&#8221; header_text_color=&#8221;#FFFFFF&#8221; header_font_size=&#8221;1.2em&#8221; background_color=&#8221;#28224B&#8221; width=&#8221;80%&#8221; module_alignment=&#8221;center&#8221; global_colors_info=&#8221;{}&#8221;]<\/p>\n<h1 style=\"text-align: center;\">Bia\u0142a ksi\u0119ga<\/h1>\n<p style=\"text-align: center;\">Interaktywno\u015b\u0107: klucz do nabywania podstawowych umiej\u0119tno\u015bci<\/p>\n<p>[\/et_pb_text][\/et_pb_column][\/et_pb_row][\/et_pb_section][et_pb_section fb_built=&#8221;1&#8243; _builder_version=&#8221;4.23.1&#8243; _module_preset=&#8221;default&#8221; background_color=&#8221;#f8f8f8&#8243; custom_padding=&#8221;40px||40px||false|false&#8221; locked=&#8221;off&#8221; global_colors_info=&#8221;{}&#8221;][et_pb_row column_structure=&#8221;2_5,3_5&#8243; custom_padding_last_edited=&#8221;on|phone&#8221; _builder_version=&#8221;4.23.1&#8243; _module_preset=&#8221;default&#8221; width=&#8221;100%&#8221; max_width=&#8221;1200px&#8221; min_height=&#8221;1114.8px&#8221; custom_padding=&#8221;|50px||50px|false|true&#8221; custom_padding_tablet=&#8221;||||false|true&#8221; custom_padding_phone=&#8221;|20px||20px|false|true&#8221; global_colors_info=&#8221;{}&#8221;][et_pb_column type=&#8221;2_5&#8243; _builder_version=&#8221;4.19.0&#8243; _module_preset=&#8221;default&#8221; global_colors_info=&#8221;{}&#8221;][et_pb_text _builder_version=&#8221;4.23.1&#8243; _module_preset=&#8221;29125e68-daf6-467e-afb8-3b7a1da25fa6&#8243; header_2_font_size=&#8221;1.8em&#8221; max_width=&#8221;600px&#8221; global_colors_info=&#8221;{}&#8221;]<\/p>\n<h2>Ksi\u0105\u017cki na wyci\u0105gni\u0119cie r\u0119ki<\/h2>\n<p>Bia\u0142a ksi\u0119ga zawiera dobre praktyki i przydatne wskaz\u00f3wki przygotowane przez nauczycieli oraz rodzic\u00f3w zaanga\u017cowanych w fazy pilota\u017cowe realizowane na r\u00f3\u017cnych etapach projektu. Cz\u0142onkowie konsorcjum projektowego przeprowadzili r\u00f3wnie\u017c analizy na temat interaktywno\u015bci jako istotnego elementu wspierania rozwoju podstawowych umiej\u0119tno\u015bci od najm\u0142odszych lat. Niniejszy przewodnik \u0142\u0105czy zatem podej\u015bcie systemowe ze wskazaniem konkretnych korzy\u015bci, jakie zastosowanie interaktywnych ksi\u0105\u017cek mo\u017ce przynie\u015b\u0107 w edukacji ma\u0142ych dzieci. Dobre praktyki i informacje zawarte w przewodniku zach\u0119caj\u0105 do w\u0142\u0105czenia tych element\u00f3w do codziennej praktyki, do wymiany do\u015bwiadcze\u0144 i swobodnego podej\u015bcia w wykorzystaniu interaktywno\u015bci i podej\u015b\u0107 narracyjnych na wczesnych etapach edukacji.   <\/p>\n<p>&nbsp;<\/p>\n<p>[\/et_pb_text][\/et_pb_column][et_pb_column type=&#8221;3_5&#8243; _builder_version=&#8221;4.19.0&#8243; _module_preset=&#8221;default&#8221; global_colors_info=&#8221;{}&#8221;][et_pb_accordion open_toggle_text_color=&#8221;#28224B&#8221; open_toggle_background_color=&#8221;#FFFFFF&#8221; closed_toggle_text_color=&#8221;#28224B&#8221; closed_toggle_background_color=&#8221;#FFFFFF&#8221; icon_color=&#8221;#28224B&#8221; module_class=&#8221;e-learning&#8221; _builder_version=&#8221;4.23.1&#8243; _module_preset=&#8221;default&#8221; toggle_text_color=&#8221;#28224B&#8221; body_text_align=&#8221;center&#8221; text_orientation=&#8221;left&#8221; max_width=&#8221;600px&#8221; hover_enabled=&#8221;0&#8243; border_width_all=&#8221;2px&#8221; border_color_all=&#8221;RGBA(255,255,255,0)&#8221; global_colors_info=&#8221;{}&#8221; open_toggle_background_color__hover_enabled=&#8221;off|desktop&#8221; closed_toggle_background_color__hover_enabled=&#8221;off|desktop&#8221; sticky_enabled=&#8221;0&#8243;][et_pb_accordion_item title=&#8221;Bia\u0142a ksi\u0119ga &#8211; Ksi\u0105\u017cki na wyci\u0105gni\u0119cie r\u0119ki&#8221; open=&#8221;on&#8221; _builder_version=&#8221;4.23.1&#8243; _module_preset=&#8221;default&#8221; hover_enabled=&#8221;0&#8243; global_colors_info=&#8221;{}&#8221; sticky_enabled=&#8221;0&#8243;]<\/p>\n<p><img loading=\"lazy\" decoding=\"async\" src=\"\/wp-content\/uploads\/2023\/12\/abibooks_white-paper_en.jpg\" width=\"600\" height=\"424\" alt=\"\" class=\"wp-image-4852 alignnone size-full\"><br \/><a class=\"btn\" href=\"\/wp-content\/uploads\/2023\/12\/ABIBOOKS-white-paper_ENG.pdf\" target=\"_blank\" rel=\"noopener\">Pobierz<\/a><\/p>\n<p>[\/et_pb_accordion_item][\/et_pb_accordion][\/et_pb_column][\/et_pb_row][\/et_pb_section]<\/p>\n","protected":false},"excerpt":{"rendered":"<p>Bia\u0142a ksi\u0119ga Interaktywno\u015b\u0107: klucz do nabywania podstawowych umiej\u0119tno\u015bciKsi\u0105\u017cki na wyci\u0105gni\u0119cie r\u0119ki Bia\u0142a ksi\u0119ga zawiera dobre praktyki i przydatne wskaz\u00f3wki przygotowane przez nauczycieli oraz rodzic\u00f3w zaanga\u017cowanych w fazy pilota\u017cowe realizowane na r\u00f3\u017cnych etapach projektu. Cz\u0142onkowie konsorcjum projektowego przeprowadzili r\u00f3wnie\u017c analizy na temat interaktywno\u015bci jako istotnego elementu wspierania rozwoju podstawowych umiej\u0119tno\u015bci od najm\u0142odszych lat. Niniejszy przewodnik \u0142\u0105czy [&hellip;]<\/p>\n","protected":false},"author":1,"featured_media":0,"parent":0,"menu_order":0,"comment_status":"closed","ping_status":"closed","template":"","meta":{"_acf_changed":false,"_et_pb_use_builder":"on","_et_pb_old_content":"","_et_gb_content_width":"","footnotes":""},"class_list":["post-5246","page","type-page","status-publish","hentry"],"acf":[],"_links":{"self":[{"href":"https:\/\/abibooks-project.eu\/pl\/wp-json\/wp\/v2\/pages\/5246","targetHints":{"allow":["GET"]}}],"collection":[{"href":"https:\/\/abibooks-project.eu\/pl\/wp-json\/wp\/v2\/pages"}],"about":[{"href":"https:\/\/abibooks-project.eu\/pl\/wp-json\/wp\/v2\/types\/page"}],"author":[{"embeddable":true,"href":"https:\/\/abibooks-project.eu\/pl\/wp-json\/wp\/v2\/users\/1"}],"replies":[{"embeddable":true,"href":"https:\/\/abibooks-project.eu\/pl\/wp-json\/wp\/v2\/comments?post=5246"}],"version-history":[{"count":8,"href":"https:\/\/abibooks-project.eu\/pl\/wp-json\/wp\/v2\/pages\/5246\/revisions"}],"predecessor-version":[{"id":5645,"href":"https:\/\/abibooks-project.eu\/pl\/wp-json\/wp\/v2\/pages\/5246\/revisions\/5645"}],"wp:attachment":[{"href":"https:\/\/abibooks-project.eu\/pl\/wp-json\/wp\/v2\/media?parent=5246"}],"curies":[{"name":"wp","href":"https:\/\/api.w.org\/{rel}","templated":true}]}}