{"id":4831,"date":"2022-08-09T14:54:59","date_gmt":"2022-08-09T12:54:59","guid":{"rendered":"https:\/\/abibooks-project.eu\/przewodnik-dla-uczniow\/"},"modified":"2024-01-08T16:55:33","modified_gmt":"2024-01-08T14:55:33","slug":"przewodnik-dla-uczniow","status":"publish","type":"page","link":"https:\/\/abibooks-project.eu\/pl\/przewodnik-dla-uczniow\/","title":{"rendered":"Przewodnik dla uczni\u00f3w"},"content":{"rendered":"<p>[et_pb_section fb_built=&#8221;1&#8243; _builder_version=&#8221;4.23.1&#8243; _module_preset=&#8221;default&#8221; background_color=&#8221;#28224b&#8221; background_image=&#8221;https:\/\/abibooks-project.eu\/wp-content\/uploads\/2022\/08\/bandeau.png&#8221; custom_padding=&#8221;40px||40px||true|false&#8221; locked=&#8221;off&#8221; global_colors_info=&#8221;{}&#8221;][et_pb_row _builder_version=&#8221;4.23.1&#8243; _module_preset=&#8221;default&#8221; global_colors_info=&#8221;{}&#8221;][et_pb_column type=&#8221;4_4&#8243; _builder_version=&#8221;4.23.1&#8243; _module_preset=&#8221;default&#8221; global_colors_info=&#8221;{}&#8221;][et_pb_text _builder_version=&#8221;4.23.1&#8243; _module_preset=&#8221;default&#8221; text_font=&#8221;Comfortaa|700|||||||&#8221; text_text_color=&#8221;#ffffff&#8221; text_font_size=&#8221;2em&#8221; text_line_height=&#8221;1.8em&#8221; header_font=&#8221;Comfortaa|700|||||||&#8221; header_text_align=&#8221;center&#8221; header_text_color=&#8221;#FFFFFF&#8221; header_font_size=&#8221;1.2em&#8221; background_color=&#8221;#28224B&#8221; width=&#8221;80%&#8221; module_alignment=&#8221;center&#8221; global_colors_info=&#8221;{}&#8221;]<\/p>\n<h1 style=\"text-align: center;\">Przewodnik ABIbooks wspieraj\u0105cy uczni\u00f3w<\/h1>\n<p style=\"text-align: center;\">Anga\u017cowanie uczni\u00f3w za pomoc\u0105 interaktywnych ksi\u0105\u017cek.<\/p>\n<p>[\/et_pb_text][\/et_pb_column][\/et_pb_row][\/et_pb_section][et_pb_section fb_built=&#8221;1&#8243; _builder_version=&#8221;4.23.1&#8243; _module_preset=&#8221;default&#8221; background_color=&#8221;#f8f8f8&#8243; custom_padding=&#8221;40px||40px||false|false&#8221; locked=&#8221;off&#8221; global_colors_info=&#8221;{}&#8221;][et_pb_row column_structure=&#8221;2_5,3_5&#8243; custom_padding_last_edited=&#8221;on|phone&#8221; _builder_version=&#8221;4.23.1&#8243; _module_preset=&#8221;default&#8221; width=&#8221;100%&#8221; max_width=&#8221;1200px&#8221; min_height=&#8221;1114.8px&#8221; custom_padding=&#8221;|50px||50px|false|true&#8221; custom_padding_tablet=&#8221;||||false|true&#8221; custom_padding_phone=&#8221;|20px||20px|false|true&#8221; global_colors_info=&#8221;{}&#8221;][et_pb_column type=&#8221;2_5&#8243; _builder_version=&#8221;4.19.0&#8243; _module_preset=&#8221;default&#8221; global_colors_info=&#8221;{}&#8221;][et_pb_text _builder_version=&#8221;4.23.1&#8243; _module_preset=&#8221;29125e68-daf6-467e-afb8-3b7a1da25fa6&#8243; header_2_font_size=&#8221;1.8em&#8221; max_width=&#8221;600px&#8221; global_colors_info=&#8221;{}&#8221;]<\/p>\n<h2>Jak wspiera\u0107 uczni\u00f3w za pomoc\u0105 interaktywnych ksi\u0105\u017cek?<\/h2>\n<p>Celem opracowania przewodnik\u00f3w projektowych jest wspieranie u\u017cytkownik\u00f3w w korzystaniu z interaktywnych ksi\u0105\u017cek. Przewodniki zawieraj\u0105 one praktyczne porady dotycz\u0105ce tego, w jaki spos\u00f3b wspiera\u0107 uczni\u00f3w, kt\u00f3re ksi\u0105\u017cki powinny by\u0107 wykorzystywane w odpowiedzi na konkretne potrzeby, wskazuj\u0105 tak\u017ce pomys\u0142y na warsztaty w celu pe\u0142nego wykorzystania sugerowanych ksi\u0105\u017cek oraz kilka wskaz\u00f3wek i podpowiedzi dla nauczycieli jak wykorzysta\u0107 interaktywno\u015b\u0107 i opowiadanie historii do rozwijania podstawowych umiej\u0119tno\u015bci we wczesnej edukacji.<\/p>\n<p>Gotowe do u\u017cycia \u0107wiczenia powi\u0105zane z interaktywnymi ksi\u0105\u017ckami dost\u0119pnymi w Bibliotece lub Kolekcji ABIbooks mo\u017cna znale\u017a\u0107 w plikach pedagogicznych.<\/p>\n<p>[\/et_pb_text][\/et_pb_column][et_pb_column type=&#8221;3_5&#8243; _builder_version=&#8221;4.19.0&#8243; _module_preset=&#8221;default&#8221; global_colors_info=&#8221;{}&#8221;][et_pb_accordion open_toggle_text_color=&#8221;#28224B&#8221; open_toggle_background_color=&#8221;#FFFFFF&#8221; closed_toggle_text_color=&#8221;#28224B&#8221; closed_toggle_background_color=&#8221;#FFFFFF&#8221; icon_color=&#8221;#28224B&#8221; module_class=&#8221;e-learning&#8221; _builder_version=&#8221;4.23.1&#8243; _module_preset=&#8221;default&#8221; toggle_text_color=&#8221;#28224B&#8221; body_text_align=&#8221;center&#8221; text_orientation=&#8221;left&#8221; max_width=&#8221;600px&#8221; border_width_all=&#8221;2px&#8221; border_color_all=&#8221;RGBA(255,255,255,0)&#8221; global_colors_info=&#8221;{}&#8221; open_toggle_background_color__hover_enabled=&#8221;off|desktop&#8221; closed_toggle_background_color__hover_enabled=&#8221;off|desktop&#8221;][et_pb_accordion_item title=&#8221;Przewodnik wspomagaj\u0105cy proces uczenia si\u0119&#8221; open=&#8221;on&#8221; _builder_version=&#8221;4.23.1&#8243; _module_preset=&#8221;default&#8221; global_colors_info=&#8221;{}&#8221;]<img loading=\"lazy\" decoding=\"async\" src=\"https:\/\/abibooks-project.eu\/wp-content\/uploads\/2023\/12\/abibooks-guidebook_pl.jpg\" width=\"600\" height=\"424\" alt=\"\" class=\"wp-image-4852 alignnone size-full\"><br \/>\n<a class=\"btn\" href=\"\/wp-content\/uploads\/2023\/12\/ABIBOOKS-guidebook_PL.pdf\" target=\"_blank\" rel=\"noopener\">Pobierz<\/a>[\/et_pb_accordion_item][et_pb_accordion_item title=&#8221;Konspekty zaj\u0119\u0107 &#8211; Kolekcja ksi\u0105\u017cek ABIbooks&#8221; _builder_version=&#8221;4.23.1&#8243; _module_preset=&#8221;default&#8221; global_colors_info=&#8221;{}&#8221; open=&#8221;off&#8221;]<\/p>\n<p><img loading=\"lazy\" decoding=\"async\" src=\"https:\/\/abibooks-project.eu\/wp-content\/uploads\/2023\/12\/pedagogical-files_abibooks-colllection_pl.jpg\" width=\"600\" height=\"424\" alt=\"\" class=\"wp-image-4858 alignnone size-full\"><br \/><a class=\"btn\" href=\"\/wp-content\/uploads\/2023\/12\/Pedagogical-files_AB-colllection_PL.pdf\" target=\"_blank\" rel=\"noopener\">Pobierz<\/a><\/p>\n<p>[\/et_pb_accordion_item][et_pb_accordion_item title=&#8221;Pedagogical files &#8211; Biblioteka ABIbooks&#8221; _builder_version=&#8221;4.23.1&#8243; _module_preset=&#8221;default&#8221; global_colors_info=&#8221;{}&#8221; open=&#8221;off&#8221;]<\/p>\n<p><img loading=\"lazy\" decoding=\"async\" src=\"https:\/\/abibooks-project.eu\/wp-content\/uploads\/2023\/12\/pedagogical-files_abibooks-library_pl.jpg\" width=\"600\" height=\"424\" alt=\"\" class=\"wp-image-4864 alignnone size-full\"><br \/><a class=\"btn\" href=\"\/wp-content\/uploads\/2023\/12\/Pedagogical-files_AB-library_PL.pdf\" target=\"_blank\" rel=\"noopener\">Pobierz<\/a><\/p>\n<p>[\/et_pb_accordion_item][\/et_pb_accordion][\/et_pb_column][\/et_pb_row][\/et_pb_section]<\/p>\n","protected":false},"excerpt":{"rendered":"<p>Przewodnik ABIbooks wspieraj\u0105cy uczni\u00f3w Anga\u017cowanie uczni\u00f3w za pomoc\u0105 interaktywnych ksi\u0105\u017cek.Jak wspiera\u0107 uczni\u00f3w za pomoc\u0105 interaktywnych ksi\u0105\u017cek? Celem opracowania przewodnik\u00f3w projektowych jest wspieranie u\u017cytkownik\u00f3w w korzystaniu z interaktywnych ksi\u0105\u017cek. Przewodniki zawieraj\u0105 one praktyczne porady dotycz\u0105ce tego, w jaki spos\u00f3b wspiera\u0107 uczni\u00f3w, kt\u00f3re ksi\u0105\u017cki powinny by\u0107 wykorzystywane w odpowiedzi na konkretne potrzeby, wskazuj\u0105 tak\u017ce pomys\u0142y na warsztaty [&hellip;]<\/p>\n","protected":false},"author":1,"featured_media":0,"parent":0,"menu_order":0,"comment_status":"closed","ping_status":"closed","template":"","meta":{"_acf_changed":false,"_et_pb_use_builder":"on","_et_pb_old_content":"","_et_gb_content_width":"","footnotes":""},"class_list":["post-4831","page","type-page","status-publish","hentry"],"acf":[],"_links":{"self":[{"href":"https:\/\/abibooks-project.eu\/pl\/wp-json\/wp\/v2\/pages\/4831","targetHints":{"allow":["GET"]}}],"collection":[{"href":"https:\/\/abibooks-project.eu\/pl\/wp-json\/wp\/v2\/pages"}],"about":[{"href":"https:\/\/abibooks-project.eu\/pl\/wp-json\/wp\/v2\/types\/page"}],"author":[{"embeddable":true,"href":"https:\/\/abibooks-project.eu\/pl\/wp-json\/wp\/v2\/users\/1"}],"replies":[{"embeddable":true,"href":"https:\/\/abibooks-project.eu\/pl\/wp-json\/wp\/v2\/comments?post=4831"}],"version-history":[{"count":28,"href":"https:\/\/abibooks-project.eu\/pl\/wp-json\/wp\/v2\/pages\/4831\/revisions"}],"predecessor-version":[{"id":5188,"href":"https:\/\/abibooks-project.eu\/pl\/wp-json\/wp\/v2\/pages\/4831\/revisions\/5188"}],"wp:attachment":[{"href":"https:\/\/abibooks-project.eu\/pl\/wp-json\/wp\/v2\/media?parent=4831"}],"curies":[{"name":"wp","href":"https:\/\/api.w.org\/{rel}","templated":true}]}}