{"id":5243,"date":"2022-08-09T14:55:48","date_gmt":"2022-08-09T12:55:48","guid":{"rendered":"https:\/\/abibooks-project.eu\/white-paper\/"},"modified":"2024-01-08T16:55:33","modified_gmt":"2024-01-08T14:55:33","slug":"white-paper","status":"publish","type":"page","link":"https:\/\/abibooks-project.eu\/it\/white-paper\/","title":{"rendered":"White paper"},"content":{"rendered":"<p>[et_pb_section fb_built=&#8221;1&#8243; _builder_version=&#8221;4.23.1&#8243; _module_preset=&#8221;default&#8221; background_color=&#8221;#28224b&#8221; background_image=&#8221;https:\/\/abibooks-project.eu\/wp-content\/uploads\/2022\/08\/bandeau.png&#8221; custom_padding=&#8221;40px||40px||true|false&#8221; locked=&#8221;off&#8221; global_colors_info=&#8221;{}&#8221;][et_pb_row _builder_version=&#8221;4.23.1&#8243; _module_preset=&#8221;default&#8221; global_colors_info=&#8221;{}&#8221;][et_pb_column type=&#8221;4_4&#8243; _builder_version=&#8221;4.23.1&#8243; _module_preset=&#8221;default&#8221; global_colors_info=&#8221;{}&#8221;][et_pb_text _builder_version=&#8221;4.23.1&#8243; _module_preset=&#8221;default&#8221; text_font=&#8221;Comfortaa|700|||||||&#8221; text_text_color=&#8221;#ffffff&#8221; text_font_size=&#8221;2em&#8221; text_line_height=&#8221;1.8em&#8221; header_font=&#8221;Comfortaa|700|||||||&#8221; header_text_align=&#8221;center&#8221; header_text_color=&#8221;#FFFFFF&#8221; header_font_size=&#8221;1.2em&#8221; background_color=&#8221;#28224B&#8221; width=&#8221;80%&#8221; module_alignment=&#8221;center&#8221; global_colors_info=&#8221;{}&#8221;]<\/p>\n<h1 style=\"text-align: center;\">White paper<\/h1>\n<p style=\"text-align: center;\">Interattivit\u00e0: una chiave per l&#8217;acquisizione di competenze di base<\/p>\n<p>[\/et_pb_text][\/et_pb_column][\/et_pb_row][\/et_pb_section][et_pb_section fb_built=&#8221;1&#8243; _builder_version=&#8221;4.23.1&#8243; _module_preset=&#8221;default&#8221; background_color=&#8221;#f8f8f8&#8243; custom_padding=&#8221;40px||40px||false|false&#8221; locked=&#8221;off&#8221; global_colors_info=&#8221;{}&#8221;][et_pb_row column_structure=&#8221;2_5,3_5&#8243; custom_padding_last_edited=&#8221;on|phone&#8221; _builder_version=&#8221;4.23.1&#8243; _module_preset=&#8221;default&#8221; width=&#8221;100%&#8221; max_width=&#8221;1200px&#8221; min_height=&#8221;1114.8px&#8221; custom_padding=&#8221;|50px||50px|false|true&#8221; custom_padding_tablet=&#8221;||||false|true&#8221; custom_padding_phone=&#8221;|20px||20px|false|true&#8221; global_colors_info=&#8221;{}&#8221;][et_pb_column type=&#8221;2_5&#8243; _builder_version=&#8221;4.19.0&#8243; _module_preset=&#8221;default&#8221; global_colors_info=&#8221;{}&#8221;][et_pb_text _builder_version=&#8221;4.23.1&#8243; _module_preset=&#8221;29125e68-daf6-467e-afb8-3b7a1da25fa6&#8243; header_2_font_size=&#8221;1.8em&#8221; max_width=&#8221;600px&#8221; global_colors_info=&#8221;{}&#8221;]<\/p>\n<h2>Una biblioteca sulla punta delle dita<\/h2>\n<p>Questo white paper del progetto riunisce testimonianze e buone pratiche di insegnanti e genitori coinvolti nelle fasi pilota dei vari risultati del progetto. La ricerca \u00e8 stata condotta dai partner anche sul tema dell&#8217;interattivit\u00e0 come elemento nello sviluppo delle competenze di base fin dalla tenera et\u00e0. Questa guida combina quindi un approccio sistemico con una visione pi\u00f9 concreta dei benefici che tali pratiche possono portare all&#8217;educazione dei bambini. Le buone pratiche e il feedback incoraggiano l&#8217;inclusione, gli scambi di esperienze e un approccio libero all&#8217;uso dell&#8217;interattivit\u00e0 e della nelle prime fasi dell&#8217;educazione.   <\/p>\n<p>&nbsp;<\/p>\n<p>[\/et_pb_text][\/et_pb_column][et_pb_column type=&#8221;3_5&#8243; _builder_version=&#8221;4.19.0&#8243; _module_preset=&#8221;default&#8221; global_colors_info=&#8221;{}&#8221;][et_pb_accordion open_toggle_text_color=&#8221;#28224B&#8221; open_toggle_background_color=&#8221;#FFFFFF&#8221; closed_toggle_text_color=&#8221;#28224B&#8221; closed_toggle_background_color=&#8221;#FFFFFF&#8221; icon_color=&#8221;#28224B&#8221; module_class=&#8221;e-learning&#8221; _builder_version=&#8221;4.23.1&#8243; _module_preset=&#8221;default&#8221; toggle_text_color=&#8221;#28224B&#8221; body_text_align=&#8221;center&#8221; text_orientation=&#8221;left&#8221; max_width=&#8221;600px&#8221; hover_enabled=&#8221;0&#8243; border_width_all=&#8221;2px&#8221; border_color_all=&#8221;RGBA(255,255,255,0)&#8221; global_colors_info=&#8221;{}&#8221; open_toggle_background_color__hover_enabled=&#8221;off|desktop&#8221; closed_toggle_background_color__hover_enabled=&#8221;off|desktop&#8221; sticky_enabled=&#8221;0&#8243;][et_pb_accordion_item title=&#8221;White paper &#8211; Una biblioteca sulla punta delle dita&#8221; open=&#8221;on&#8221; _builder_version=&#8221;4.23.1&#8243; _module_preset=&#8221;default&#8221; hover_enabled=&#8221;0&#8243; global_colors_info=&#8221;{}&#8221; sticky_enabled=&#8221;0&#8243;]<\/p>\n<p><img loading=\"lazy\" decoding=\"async\" src=\"\/wp-content\/uploads\/2024\/01\/abibooks_white-paper_it.jpg\" width=\"600\" height=\"424\" alt=\"\" class=\"wp-image-4852 alignnone size-full\"><br \/><a class=\"btn\" href=\"\/wp-content\/uploads\/2024\/01\/ABIBOOKS-white-paper_IT.pdf\" target=\"_blank\" rel=\"noopener\">Scaricare<\/a><\/p>\n<p>[\/et_pb_accordion_item][\/et_pb_accordion][\/et_pb_column][\/et_pb_row][\/et_pb_section]<\/p>\n","protected":false},"excerpt":{"rendered":"<p>White paper Interattivit\u00e0: una chiave per l&#8217;acquisizione di competenze di baseUna biblioteca sulla punta delle dita Questo white paper del progetto riunisce testimonianze e buone pratiche di insegnanti e genitori coinvolti nelle fasi pilota dei vari risultati del progetto. La ricerca \u00e8 stata condotta dai partner anche sul tema dell&#8217;interattivit\u00e0 come elemento nello sviluppo delle [&hellip;]<\/p>\n","protected":false},"author":1,"featured_media":0,"parent":0,"menu_order":0,"comment_status":"closed","ping_status":"closed","template":"","meta":{"_acf_changed":false,"_et_pb_use_builder":"on","_et_pb_old_content":"","_et_gb_content_width":"","footnotes":""},"class_list":["post-5243","page","type-page","status-publish","hentry"],"acf":[],"_links":{"self":[{"href":"https:\/\/abibooks-project.eu\/it\/wp-json\/wp\/v2\/pages\/5243","targetHints":{"allow":["GET"]}}],"collection":[{"href":"https:\/\/abibooks-project.eu\/it\/wp-json\/wp\/v2\/pages"}],"about":[{"href":"https:\/\/abibooks-project.eu\/it\/wp-json\/wp\/v2\/types\/page"}],"author":[{"embeddable":true,"href":"https:\/\/abibooks-project.eu\/it\/wp-json\/wp\/v2\/users\/1"}],"replies":[{"embeddable":true,"href":"https:\/\/abibooks-project.eu\/it\/wp-json\/wp\/v2\/comments?post=5243"}],"version-history":[{"count":15,"href":"https:\/\/abibooks-project.eu\/it\/wp-json\/wp\/v2\/pages\/5243\/revisions"}],"predecessor-version":[{"id":5644,"href":"https:\/\/abibooks-project.eu\/it\/wp-json\/wp\/v2\/pages\/5243\/revisions\/5644"}],"wp:attachment":[{"href":"https:\/\/abibooks-project.eu\/it\/wp-json\/wp\/v2\/media?parent=5243"}],"curies":[{"name":"wp","href":"https:\/\/api.w.org\/{rel}","templated":true}]}}