{"id":5221,"date":"2022-08-09T14:55:48","date_gmt":"2022-08-09T12:55:48","guid":{"rendered":"https:\/\/abibooks-project.eu\/livre-blanc\/"},"modified":"2024-01-08T16:55:33","modified_gmt":"2024-01-08T14:55:33","slug":"livre-blanc","status":"publish","type":"page","link":"https:\/\/abibooks-project.eu\/fr\/livre-blanc\/","title":{"rendered":"Livre blanc"},"content":{"rendered":"<p>[et_pb_section fb_built=\u00a0\u00bb1&Prime; _builder_version=\u00a0\u00bb4.23.1&Prime; _module_preset=\u00a0\u00bbdefault\u00a0\u00bb background_color=\u00a0\u00bb#28224b\u00a0\u00bb background_image=\u00a0\u00bbhttps:\/\/abibooks-project.eu\/wp-content\/uploads\/2022\/08\/bandeau.png\u00a0\u00bb custom_padding=\u00a0\u00bb40px||40px||true|false\u00a0\u00bb locked=\u00a0\u00bboff\u00a0\u00bb global_colors_info=\u00a0\u00bb{}\u00a0\u00bb][et_pb_row _builder_version=\u00a0\u00bb4.23.1&Prime; _module_preset=\u00a0\u00bbdefault\u00a0\u00bb global_colors_info=\u00a0\u00bb{}\u00a0\u00bb][et_pb_column type=\u00a0\u00bb4_4&Prime; _builder_version=\u00a0\u00bb4.23.1&Prime; _module_preset=\u00a0\u00bbdefault\u00a0\u00bb global_colors_info=\u00a0\u00bb{}\u00a0\u00bb][et_pb_text _builder_version=\u00a0\u00bb4.23.1&Prime; _module_preset=\u00a0\u00bbdefault\u00a0\u00bb text_font=\u00a0\u00bbComfortaa|700|||||||\u00a0\u00bb text_text_color=\u00a0\u00bb#ffffff\u00a0\u00bb text_font_size=\u00a0\u00bb2em\u00a0\u00bb text_line_height=\u00a0\u00bb1.8em\u00a0\u00bb header_font=\u00a0\u00bbComfortaa|700|||||||\u00a0\u00bb header_text_align=\u00a0\u00bbcenter\u00a0\u00bb header_text_color=\u00a0\u00bb#FFFFFF\u00a0\u00bb header_font_size=\u00a0\u00bb1.2em\u00a0\u00bb background_color=\u00a0\u00bb#28224B\u00a0\u00bb width=\u00a0\u00bb80%\u00a0\u00bb module_alignment=\u00a0\u00bbcenter\u00a0\u00bb global_colors_info=\u00a0\u00bb{}\u00a0\u00bb]<\/p>\n<h1 style=\"text-align: center;\">Livre blanc<\/h1>\n<p style=\"text-align: center;\">L\u2019interactivit\u00e9 : une cl\u00e9 pour l\u2019acquisition des comp\u00e9tences de base<\/p>\n<p>[\/et_pb_text][\/et_pb_column][\/et_pb_row][\/et_pb_section][et_pb_section fb_built=\u00a0\u00bb1&Prime; _builder_version=\u00a0\u00bb4.23.1&Prime; _module_preset=\u00a0\u00bbdefault\u00a0\u00bb background_color=\u00a0\u00bb#f8f8f8&Prime; custom_padding=\u00a0\u00bb40px||40px||false|false\u00a0\u00bb locked=\u00a0\u00bboff\u00a0\u00bb global_colors_info=\u00a0\u00bb{}\u00a0\u00bb][et_pb_row column_structure=\u00a0\u00bb2_5,3_5&Prime; custom_padding_last_edited=\u00a0\u00bbon|phone\u00a0\u00bb _builder_version=\u00a0\u00bb4.23.1&Prime; _module_preset=\u00a0\u00bbdefault\u00a0\u00bb width=\u00a0\u00bb100%\u00a0\u00bb max_width=\u00a0\u00bb1200px\u00a0\u00bb min_height=\u00a0\u00bb1114.8px\u00a0\u00bb custom_padding=\u00a0\u00bb|50px||50px|false|true\u00a0\u00bb custom_padding_tablet=\u00a0\u00bb||||false|true\u00a0\u00bb custom_padding_phone=\u00a0\u00bb|20px||20px|false|true\u00a0\u00bb global_colors_info=\u00a0\u00bb{}\u00a0\u00bb][et_pb_column type=\u00a0\u00bb2_5&Prime; _builder_version=\u00a0\u00bb4.19.0&Prime; _module_preset=\u00a0\u00bbdefault\u00a0\u00bb global_colors_info=\u00a0\u00bb{}\u00a0\u00bb][et_pb_text _builder_version=\u00a0\u00bb4.23.1&Prime; _module_preset=\u00a0\u00bb29125e68-daf6-467e-afb8-3b7a1da25fa6&Prime; header_2_font_size=\u00a0\u00bb1.8em\u00a0\u00bb max_width=\u00a0\u00bb600px\u00a0\u00bb global_colors_info=\u00a0\u00bb{}\u00a0\u00bb]<\/p>\n<h2>Des livres du bout des doigts<\/h2>\n<p>Ce livre blanc du projet rassemble des t\u00e9moignages et bonnes pratiques d\u2019enseignants et de parents impliqu\u00e9s dans les phases pilotes des diff\u00e9rentes r\u00e9alisations de ce projet. Des recherches ont \u00e9t\u00e9 \u00e9galement men\u00e9es par les partenaires sur le th\u00e8me de l\u2019interactivit\u00e9 comme \u00e9l\u00e9ment du d\u00e9veloppement des comp\u00e9tences de base d\u00e8s le plus jeune \u00e2ge. Ce guide mixe donc approche syst\u00e9mique et vision plus concr\u00e8te des avantages que de telles pratiques peuvent apporter dans l\u2019instruction des jeunes enfants. Les bonnes pratiques et les retours d\u2019exp\u00e9rience favorisent ainsi l\u2019inclusion, les \u00e9changes d\u2019exp\u00e9riences, ainsi que la libre orientation dans la mise en \u0153uvre de l\u2019interactivit\u00e9 et des approches narratives aux premiers stades de l\u2019\u00e9ducation.<\/p>\n<p>&nbsp;<\/p>\n<p>[\/et_pb_text][\/et_pb_column][et_pb_column type=\u00a0\u00bb3_5&Prime; _builder_version=\u00a0\u00bb4.19.0&Prime; _module_preset=\u00a0\u00bbdefault\u00a0\u00bb global_colors_info=\u00a0\u00bb{}\u00a0\u00bb][et_pb_accordion open_toggle_text_color=\u00a0\u00bb#28224B\u00a0\u00bb open_toggle_background_color=\u00a0\u00bb#FFFFFF\u00a0\u00bb closed_toggle_text_color=\u00a0\u00bb#28224B\u00a0\u00bb closed_toggle_background_color=\u00a0\u00bb#FFFFFF\u00a0\u00bb icon_color=\u00a0\u00bb#28224B\u00a0\u00bb module_class=\u00a0\u00bbe-learning\u00a0\u00bb _builder_version=\u00a0\u00bb4.23.1&Prime; _module_preset=\u00a0\u00bbdefault\u00a0\u00bb toggle_text_color=\u00a0\u00bb#28224B\u00a0\u00bb body_text_align=\u00a0\u00bbcenter\u00a0\u00bb text_orientation=\u00a0\u00bbleft\u00a0\u00bb max_width=\u00a0\u00bb600px\u00a0\u00bb hover_enabled=\u00a0\u00bb0&Prime; border_width_all=\u00a0\u00bb2px\u00a0\u00bb border_color_all=\u00a0\u00bbRGBA(255,255,255,0)\u00a0\u00bb global_colors_info=\u00a0\u00bb{}\u00a0\u00bb open_toggle_background_color__hover_enabled=\u00a0\u00bboff|desktop\u00a0\u00bb closed_toggle_background_color__hover_enabled=\u00a0\u00bboff|desktop\u00a0\u00bb sticky_enabled=\u00a0\u00bb0&Prime;][et_pb_accordion_item title=\u00a0\u00bbLivre blanc &#8211; Des livres du bout des doigts\u00a0\u00bb open=\u00a0\u00bbon\u00a0\u00bb _builder_version=\u00a0\u00bb4.23.1&Prime; _module_preset=\u00a0\u00bbdefault\u00a0\u00bb hover_enabled=\u00a0\u00bb0&Prime; global_colors_info=\u00a0\u00bb{}\u00a0\u00bb sticky_enabled=\u00a0\u00bb0&Prime;]<\/p>\n<p><img loading=\"lazy\" decoding=\"async\" src=\"\/wp-content\/uploads\/2023\/12\/abibooks_white-paper_fr.jpg\" width=\"600\" height=\"424\" alt=\"\" class=\"wp-image-4852 alignnone size-full\"><br \/><a class=\"btn\" href=\"\/wp-content\/uploads\/2023\/12\/ABIBOOKS-white-paper_FR_V1.1.pdf\" target=\"_blank\" rel=\"noopener\">T\u00e9l\u00e9charger<\/a><\/p>\n<p>[\/et_pb_accordion_item][\/et_pb_accordion][\/et_pb_column][\/et_pb_row][\/et_pb_section]<\/p>\n","protected":false},"excerpt":{"rendered":"<p>Livre blanc L\u2019interactivit\u00e9 : une cl\u00e9 pour l\u2019acquisition des comp\u00e9tences de baseDes livres du bout des doigts Ce livre blanc du projet rassemble des t\u00e9moignages et bonnes pratiques d\u2019enseignants et de parents impliqu\u00e9s dans les phases pilotes des diff\u00e9rentes r\u00e9alisations de ce projet. Des recherches ont \u00e9t\u00e9 \u00e9galement men\u00e9es par les partenaires sur le th\u00e8me [&hellip;]<\/p>\n","protected":false},"author":1,"featured_media":0,"parent":0,"menu_order":0,"comment_status":"closed","ping_status":"closed","template":"","meta":{"_acf_changed":false,"_et_pb_use_builder":"on","_et_pb_old_content":"","_et_gb_content_width":"","footnotes":""},"class_list":["post-5221","page","type-page","status-publish","hentry"],"acf":[],"_links":{"self":[{"href":"https:\/\/abibooks-project.eu\/fr\/wp-json\/wp\/v2\/pages\/5221","targetHints":{"allow":["GET"]}}],"collection":[{"href":"https:\/\/abibooks-project.eu\/fr\/wp-json\/wp\/v2\/pages"}],"about":[{"href":"https:\/\/abibooks-project.eu\/fr\/wp-json\/wp\/v2\/types\/page"}],"author":[{"embeddable":true,"href":"https:\/\/abibooks-project.eu\/fr\/wp-json\/wp\/v2\/users\/1"}],"replies":[{"embeddable":true,"href":"https:\/\/abibooks-project.eu\/fr\/wp-json\/wp\/v2\/comments?post=5221"}],"version-history":[{"count":10,"href":"https:\/\/abibooks-project.eu\/fr\/wp-json\/wp\/v2\/pages\/5221\/revisions"}],"predecessor-version":[{"id":5642,"href":"https:\/\/abibooks-project.eu\/fr\/wp-json\/wp\/v2\/pages\/5221\/revisions\/5642"}],"wp:attachment":[{"href":"https:\/\/abibooks-project.eu\/fr\/wp-json\/wp\/v2\/media?parent=5221"}],"curies":[{"name":"wp","href":"https:\/\/api.w.org\/{rel}","templated":true}]}}