{"id":5152,"date":"2022-08-09T14:55:15","date_gmt":"2022-08-09T12:55:15","guid":{"rendered":"https:\/\/abibooks-project.eu\/module-e-learning\/"},"modified":"2023-12-20T12:23:49","modified_gmt":"2023-12-20T10:23:49","slug":"module-e-learning","status":"publish","type":"page","link":"https:\/\/abibooks-project.eu\/fr\/module-e-learning\/","title":{"rendered":"Module e-learning"},"content":{"rendered":"<p>[et_pb_section fb_built=\u00a0\u00bb1&Prime; _builder_version=\u00a0\u00bb4.23.1&Prime; _module_preset=\u00a0\u00bbdefault\u00a0\u00bb background_color=\u00a0\u00bb#28224b\u00a0\u00bb background_image=\u00a0\u00bbhttps:\/\/abibooks-project.eu\/wp-content\/uploads\/2022\/08\/bandeau.png\u00a0\u00bb custom_padding=\u00a0\u00bb40px||40px||true|false\u00a0\u00bb global_colors_info=\u00a0\u00bb{}\u00a0\u00bb][et_pb_row _builder_version=\u00a0\u00bb4.23.1&Prime; _module_preset=\u00a0\u00bbdefault\u00a0\u00bb global_colors_info=\u00a0\u00bb{}\u00a0\u00bb][et_pb_column type=\u00a0\u00bb4_4&Prime; _builder_version=\u00a0\u00bb4.23.1&Prime; _module_preset=\u00a0\u00bbdefault\u00a0\u00bb global_colors_info=\u00a0\u00bb{}\u00a0\u00bb][et_pb_text _builder_version=\u00a0\u00bb4.23.1&Prime; _module_preset=\u00a0\u00bbdefault\u00a0\u00bb text_font=\u00a0\u00bbComfortaa|700|||||||\u00a0\u00bb text_text_color=\u00a0\u00bb#ffffff\u00a0\u00bb text_font_size=\u00a0\u00bb2em\u00a0\u00bb text_line_height=\u00a0\u00bb1.8em\u00a0\u00bb header_font=\u00a0\u00bbComfortaa|700|||||||\u00a0\u00bb header_text_align=\u00a0\u00bbcenter\u00a0\u00bb header_text_color=\u00a0\u00bb#FFFFFF\u00a0\u00bb header_font_size=\u00a0\u00bb1.2em\u00a0\u00bb background_color=\u00a0\u00bb#28224B\u00a0\u00bb width=\u00a0\u00bb80%\u00a0\u00bb module_alignment=\u00a0\u00bbcenter\u00a0\u00bb global_colors_info=\u00a0\u00bb{}\u00a0\u00bb]<\/p>\n<h1 style=\"text-align: center;\">ABIbooks Do it Yourself<\/h1>\n<p style=\"text-align: center;\">Cr\u00e9er vos propres livres interactifs<\/p>\n<p>[\/et_pb_text][\/et_pb_column][\/et_pb_row][\/et_pb_section][et_pb_section fb_built=\u00a0\u00bb1&Prime; _builder_version=\u00a0\u00bb4.23.1&Prime; _module_preset=\u00a0\u00bbdefault\u00a0\u00bb background_color=\u00a0\u00bb#f8f8f8&Prime; custom_padding=\u00a0\u00bb40px||40px||false|false\u00a0\u00bb locked=\u00a0\u00bboff\u00a0\u00bb global_colors_info=\u00a0\u00bb{}\u00a0\u00bb][et_pb_row column_structure=\u00a0\u00bb2_5,3_5&Prime; custom_padding_last_edited=\u00a0\u00bbon|phone\u00a0\u00bb _builder_version=\u00a0\u00bb4.23.1&Prime; _module_preset=\u00a0\u00bbdefault\u00a0\u00bb width=\u00a0\u00bb100%\u00a0\u00bb max_width=\u00a0\u00bb1200px\u00a0\u00bb min_height=\u00a0\u00bb1114.8px\u00a0\u00bb custom_padding=\u00a0\u00bb|50px||50px|false|true\u00a0\u00bb custom_padding_tablet=\u00a0\u00bb||||false|true\u00a0\u00bb custom_padding_phone=\u00a0\u00bb|20px||20px|false|true\u00a0\u00bb global_colors_info=\u00a0\u00bb{}\u00a0\u00bb][et_pb_column type=\u00a0\u00bb2_5&Prime; _builder_version=\u00a0\u00bb4.19.0&Prime; _module_preset=\u00a0\u00bbdefault\u00a0\u00bb global_colors_info=\u00a0\u00bb{}\u00a0\u00bb][et_pb_text _builder_version=\u00a0\u00bb4.23.1&Prime; _module_preset=\u00a0\u00bb29125e68-daf6-467e-afb8-3b7a1da25fa6&Prime; header_2_font_size=\u00a0\u00bb1.8em\u00a0\u00bb max_width=\u00a0\u00bb600px\u00a0\u00bb global_colors_info=\u00a0\u00bb{}\u00a0\u00bb]<\/p>\n<h2>Comment cr\u00e9er mes propres ebooks ?<\/h2>\n<p>Ce module d\u2019apprentissage en ligne permet aux enseignants et aux parents de se former \u00e0 la cr\u00e9ation de leurs propres livres interactifs. Il se compose de tutoriels vid\u00e9o et de fiches pratiques fournissant des explications et des conseils pratiques. Ces tutoriels sont con\u00e7us :  <\/p>\n<ul>\n<li>Pour des objectifs p\u00e9dagogiques sp\u00e9cifiques<\/li>\n<li>Adapt\u00e9s aux lecteurs porteurs de troubles de l&rsquo;apprentissage<\/li>\n<li>Avec des d\u00e9monstrations de logiciels d\u00e9di\u00e9s<\/li>\n<\/ul>\n<p>[\/et_pb_text][\/et_pb_column][et_pb_column type=\u00a0\u00bb3_5&Prime; _builder_version=\u00a0\u00bb4.19.0&Prime; _module_preset=\u00a0\u00bbdefault\u00a0\u00bb global_colors_info=\u00a0\u00bb{}\u00a0\u00bb][et_pb_accordion open_toggle_text_color=\u00a0\u00bb#28224B\u00a0\u00bb open_toggle_background_color=\u00a0\u00bb#FFFFFF\u00a0\u00bb closed_toggle_text_color=\u00a0\u00bb#28224B\u00a0\u00bb closed_toggle_background_color=\u00a0\u00bb#FFFFFF\u00a0\u00bb icon_color=\u00a0\u00bb#28224B\u00a0\u00bb module_class=\u00a0\u00bbe-learning\u00a0\u00bb _builder_version=\u00a0\u00bb4.23.1&Prime; _module_preset=\u00a0\u00bbdefault\u00a0\u00bb toggle_text_color=\u00a0\u00bb#28224B\u00a0\u00bb max_width=\u00a0\u00bb600px\u00a0\u00bb border_width_all=\u00a0\u00bb2px\u00a0\u00bb border_color_all=\u00a0\u00bbRGBA(255,255,255,0)\u00a0\u00bb global_colors_info=\u00a0\u00bb{}\u00a0\u00bb open_toggle_background_color__hover_enabled=\u00a0\u00bboff|desktop\u00a0\u00bb closed_toggle_background_color__hover_enabled=\u00a0\u00bboff|desktop\u00a0\u00bb][et_pb_accordion_item title=\u00a0\u00bbIntroduction\u00a0\u00bb open=\u00a0\u00bbon\u00a0\u00bb _builder_version=\u00a0\u00bb4.23.1&Prime; _module_preset=\u00a0\u00bbdefault\u00a0\u00bb global_colors_info=\u00a0\u00bb{}\u00a0\u00bb]<iframe width=\"560\" height=\"315\" src=\"https:\/\/www.youtube.com\/embed\/YViV9sDQYLA?si=vUaCKUpVBHPLXa6z\" title=\"YouTube video player\" frameborder=\"0\" allow=\"accelerometer; autoplay; clipboard-write; encrypted-media; gyroscope; picture-in-picture; web-share\" allowfullscreen=\"\" loading=\"lazy\"><\/iframe>[\/et_pb_accordion_item][et_pb_accordion_item title=\u00a0\u00bbUNIT\u00c9 1 &#8211; Utiliser le livre num\u00e9rique en classe\u00a0\u00bb _builder_version=\u00a0\u00bb4.23.1&Prime; _module_preset=\u00a0\u00bbdefault\u00a0\u00bb global_colors_info=\u00a0\u00bb{}\u00a0\u00bb open=\u00a0\u00bboff\u00a0\u00bb]<iframe width=\"560\" height=\"315\" src=\"https:\/\/www.youtube.com\/embed\/6iJ_2HF3UW4?si=hk8bqkfX2IHVSiKK\" title=\"YouTube video player\" frameborder=\"0\" allow=\"accelerometer; autoplay; clipboard-write; encrypted-media; gyroscope; picture-in-picture; web-share\" allowfullscreen=\"\" loading=\"lazy\"><\/iframe><a class=\"btn\" href=\"\/wp-content\/uploads\/2023\/12\/ABIbooks-UNITE-1_fiche-pratique.pdf\" target=\"_blank\" rel=\"noopener\">Fiche pratique<\/a>[\/et_pb_accordion_item][et_pb_accordion_item title=\u00a0\u00bbUNIT\u00c9 2 &#8211; Prendre en compte les troubles de l&apos;apprentissage\u00a0\u00bb _builder_version=\u00a0\u00bb4.23.1&Prime; _module_preset=\u00a0\u00bbdefault\u00a0\u00bb global_colors_info=\u00a0\u00bb{}\u00a0\u00bb open=\u00a0\u00bboff\u00a0\u00bb]<a class=\"btn\" href=\"\/wp-content\/uploads\/2023\/12\/ABIbooks-UNITE-2_fiche-pratique.pdf\" target=\"_blank\" rel=\"noopener\">Fiche pratique<\/a>[\/et_pb_accordion_item][et_pb_accordion_item title=\u00a0\u00bbUNIT\u00c9 3 &#8211; Cr\u00e9er une histoire\u00a0\u00bb _builder_version=\u00a0\u00bb4.23.1&Prime; _module_preset=\u00a0\u00bbdefault\u00a0\u00bb global_colors_info=\u00a0\u00bb{}\u00a0\u00bb open=\u00a0\u00bboff\u00a0\u00bb]<iframe width=\"560\" height=\"315\" src=\"https:\/\/www.youtube.com\/embed\/3Zk6nXHIbxc?si=ibUPdaw4LvHklj6r\" title=\"YouTube video player\" frameborder=\"0\" allow=\"accelerometer; autoplay; clipboard-write; encrypted-media; gyroscope; picture-in-picture; web-share\" allowfullscreen=\"\" loading=\"lazy\"><\/iframe><a class=\"btn\" href=\"\/wp-content\/uploads\/2023\/12\/ABIbooks-UNITE-3_fiche-pratique.pdf\" target=\"_blank\" rel=\"noopener\">Fiche pratique<\/a>[\/et_pb_accordion_item][et_pb_accordion_item title=\u00a0\u00bbUNIT\u00c9 4 &#8211; Le r\u00e9cit num\u00e9rique interactif\u00a0\u00bb _builder_version=\u00a0\u00bb4.23.1&Prime; _module_preset=\u00a0\u00bbdefault\u00a0\u00bb global_colors_info=\u00a0\u00bb{}\u00a0\u00bb open=\u00a0\u00bboff\u00a0\u00bb]<iframe width=\"560\" height=\"315\" src=\"https:\/\/www.youtube.com\/embed\/u_fSFxvywBI?si=_B8uCmO95qYLmLcB\" title=\"YouTube video player\" frameborder=\"0\" allow=\"accelerometer; autoplay; clipboard-write; encrypted-media; gyroscope; picture-in-picture; web-share\" allowfullscreen=\"\" loading=\"lazy\"><\/iframe><a class=\"btn\" href=\"\/wp-content\/uploads\/2023\/12\/ABIbooks-UNITE-4_fiche-pratique.pdf\" target=\"_blank\" rel=\"noopener\">Fiche pratique<\/a>[\/et_pb_accordion_item][et_pb_accordion_item title=\u00a0\u00bbUNIT\u00c9 5 &#8211; Pr\u00e9parer un storyboard\u00a0\u00bb _builder_version=\u00a0\u00bb4.23.1&Prime; _module_preset=\u00a0\u00bbdefault\u00a0\u00bb global_colors_info=\u00a0\u00bb{}\u00a0\u00bb open=\u00a0\u00bboff\u00a0\u00bb]<a class=\"btn\" href=\"\/wp-content\/uploads\/2023\/12\/ABIbooks-UNITE-5A_fiche-pratique.pdf\" target=\"_blank\" rel=\"noopener\">Fiche pratique 1<\/a><a class=\"btn\" href=\"\/wp-content\/uploads\/2023\/12\/ABIbooks-UNITE-5B_fiche-pratique.pdf\" target=\"_blank\" rel=\"noopener\">Fiche pratique 2<\/a>[\/et_pb_accordion_item][et_pb_accordion_item title=\u00a0\u00bbUNIT\u00c9 6 &#8211; Se familiariser avec Pubcoder\u00a0\u00bb _builder_version=\u00a0\u00bb4.23.1&Prime; _module_preset=\u00a0\u00bbdefault\u00a0\u00bb global_colors_info=\u00a0\u00bb{}\u00a0\u00bb open=\u00a0\u00bboff\u00a0\u00bb]<iframe width=\"560\" height=\"315\" src=\"https:\/\/www.youtube.com\/embed\/TiG_7Dn_jI4?si=aRBuwMvx8IcEztvx\" title=\"YouTube video player\" frameborder=\"0\" allow=\"accelerometer; autoplay; clipboard-write; encrypted-media; gyroscope; picture-in-picture; web-share\" allowfullscreen=\"\" loading=\"lazy\"><\/iframe><a class=\"btn\" href=\"\/wp-content\/uploads\/2023\/12\/ABIbooks-UNITE-6_fiche-pratique.pdf\" target=\"_blank\" rel=\"noopener\">Fiche pratique<\/a>[\/et_pb_accordion_item][et_pb_accordion_item title=\u00a0\u00bbUNIT\u00c9 7 &#8211; Pr\u00e9parer des contenus: photo, video et audio\u00a0\u00bb _builder_version=\u00a0\u00bb4.23.1&Prime; _module_preset=\u00a0\u00bbdefault\u00a0\u00bb global_colors_info=\u00a0\u00bb{}\u00a0\u00bb open=\u00a0\u00bboff\u00a0\u00bb]<iframe width=\"560\" height=\"315\" src=\"https:\/\/www.youtube.com\/embed\/9aSkJDQC7aU?si=5vDGiQhwNQQCOH0h\" title=\"YouTube video player\" frameborder=\"0\" allow=\"accelerometer; autoplay; clipboard-write; encrypted-media; gyroscope; picture-in-picture; web-share\" allowfullscreen=\"\" loading=\"lazy\"><\/iframe><iframe width=\"560\" height=\"315\" src=\"https:\/\/www.youtube.com\/embed\/h2-tQo4uPRA?si=U31ODbaNhCpvESC3\" title=\"YouTube video player\" frameborder=\"0\" allow=\"accelerometer; autoplay; clipboard-write; encrypted-media; gyroscope; picture-in-picture; web-share\" allowfullscreen=\"\" loading=\"lazy\"><\/iframe><a class=\"btn\" href=\"\/wp-content\/uploads\/2023\/12\/ABIbooks-UNITE-7_fiche-pratique.pdf\" target=\"_blank\" rel=\"noopener\">Fiche pratique<\/a>[\/et_pb_accordion_item][et_pb_accordion_item title=\u00a0\u00bbUNIT 8 &#8211; Importer et mettre en page votre contenu\u00a0\u00bb _builder_version=\u00a0\u00bb4.23.1&Prime; _module_preset=\u00a0\u00bbdefault\u00a0\u00bb global_colors_info=\u00a0\u00bb{}\u00a0\u00bb open=\u00a0\u00bboff\u00a0\u00bb]<iframe width=\"560\" height=\"315\" src=\"https:\/\/www.youtube.com\/embed\/XSGqZZXCRK8?si=V4mJVIQ5cQ7-L1KD\" title=\"YouTube video player\" frameborder=\"0\" allow=\"accelerometer; autoplay; clipboard-write; encrypted-media; gyroscope; picture-in-picture; web-share\" allowfullscreen=\"\" loading=\"lazy\"><\/iframe><a class=\"btn\" href=\"\/wp-content\/uploads\/2023\/12\/ABIbooks-UNITE-8_fiche-pratique.pdf\" target=\"_blank\" rel=\"noopener\">Fiche pratique<\/a>[\/et_pb_accordion_item][et_pb_accordion_item title=\u00a0\u00bbUNIT 9 &#8211; Ajouter des fonctionnalit\u00e9s\u00a0\u00bb _builder_version=\u00a0\u00bb4.23.1&Prime; _module_preset=\u00a0\u00bbdefault\u00a0\u00bb global_colors_info=\u00a0\u00bb{}\u00a0\u00bb open=\u00a0\u00bboff\u00a0\u00bb]<iframe width=\"560\" height=\"315\" src=\"https:\/\/www.youtube.com\/embed\/xbPFC5O0cuk?si=NJZt_2IbKrwQWFE3\" title=\"YouTube video player\" frameborder=\"0\" allow=\"accelerometer; autoplay; clipboard-write; encrypted-media; gyroscope; picture-in-picture; web-share\" allowfullscreen=\"\" loading=\"lazy\"><\/iframe><a class=\"btn\" href=\"\/wp-content\/uploads\/2023\/12\/ABIbooks-DIY-tutoriels-UNITE-9.pdf\" target=\"_blank\" rel=\"noopener\">Fiche pratique<\/a>[\/et_pb_accordion_item][et_pb_accordion_item title=\u00a0\u00bbUNIT 10 &#8211; Partager vos ebooks\u00a0\u00bb _builder_version=\u00a0\u00bb4.23.1&Prime; _module_preset=\u00a0\u00bbdefault\u00a0\u00bb global_colors_info=\u00a0\u00bb{}\u00a0\u00bb open=\u00a0\u00bboff\u00a0\u00bb]<iframe width=\"560\" height=\"315\" src=\"https:\/\/www.youtube.com\/embed\/Unx33LtJlcs?si=yMYaduE61iJTpPrU\" title=\"YouTube video player\" frameborder=\"0\" allow=\"accelerometer; autoplay; clipboard-write; encrypted-media; gyroscope; picture-in-picture; web-share\" allowfullscreen=\"\" loading=\"lazy\"><\/iframe><a class=\"btn\" href=\"\/wp-content\/uploads\/2023\/12\/ABIbooks-UNITE-10_fiche-pratique.pdf\" target=\"_blank\" rel=\"noopener\">Fiche pratique<\/a>[\/et_pb_accordion_item][et_pb_accordion_item title=\u00a0\u00bbConclusion\u00a0\u00bb _builder_version=\u00a0\u00bb4.23.1&Prime; _module_preset=\u00a0\u00bbdefault\u00a0\u00bb global_colors_info=\u00a0\u00bb{}\u00a0\u00bb open=\u00a0\u00bboff\u00a0\u00bb]<iframe width=\"560\" height=\"315\" src=\"https:\/\/www.youtube.com\/embed\/U8Q623yJNKY?si=omL4RmpCI9aISpN2\" title=\"YouTube video player\" frameborder=\"0\" allow=\"accelerometer; autoplay; clipboard-write; encrypted-media; gyroscope; picture-in-picture; web-share\" allowfullscreen=\"\" loading=\"lazy\"><\/iframe>[\/et_pb_accordion_item][\/et_pb_accordion][\/et_pb_column][\/et_pb_row][\/et_pb_section]<\/p>\n","protected":false},"excerpt":{"rendered":"<p>ABIbooks Do it Yourself Cr\u00e9er vos propres livres interactifsComment cr\u00e9er mes propres ebooks ? Ce module d\u2019apprentissage en ligne permet aux enseignants et aux parents de se former \u00e0 la cr\u00e9ation de leurs propres livres interactifs. Il se compose de tutoriels vid\u00e9o et de fiches pratiques fournissant des explications et des conseils pratiques. Ces tutoriels [&hellip;]<\/p>\n","protected":false},"author":1,"featured_media":0,"parent":0,"menu_order":0,"comment_status":"closed","ping_status":"closed","template":"","meta":{"_acf_changed":false,"_et_pb_use_builder":"on","_et_pb_old_content":"","_et_gb_content_width":"","footnotes":""},"class_list":["post-5152","page","type-page","status-publish","hentry"],"acf":[],"_links":{"self":[{"href":"https:\/\/abibooks-project.eu\/fr\/wp-json\/wp\/v2\/pages\/5152","targetHints":{"allow":["GET"]}}],"collection":[{"href":"https:\/\/abibooks-project.eu\/fr\/wp-json\/wp\/v2\/pages"}],"about":[{"href":"https:\/\/abibooks-project.eu\/fr\/wp-json\/wp\/v2\/types\/page"}],"author":[{"embeddable":true,"href":"https:\/\/abibooks-project.eu\/fr\/wp-json\/wp\/v2\/users\/1"}],"replies":[{"embeddable":true,"href":"https:\/\/abibooks-project.eu\/fr\/wp-json\/wp\/v2\/comments?post=5152"}],"version-history":[{"count":11,"href":"https:\/\/abibooks-project.eu\/fr\/wp-json\/wp\/v2\/pages\/5152\/revisions"}],"predecessor-version":[{"id":5252,"href":"https:\/\/abibooks-project.eu\/fr\/wp-json\/wp\/v2\/pages\/5152\/revisions\/5252"}],"wp:attachment":[{"href":"https:\/\/abibooks-project.eu\/fr\/wp-json\/wp\/v2\/media?parent=5152"}],"curies":[{"name":"wp","href":"https:\/\/api.w.org\/{rel}","templated":true}]}}