{"id":4789,"date":"2022-08-09T14:54:59","date_gmt":"2022-08-09T12:54:59","guid":{"rendered":"https:\/\/abibooks-project.eu\/guide-daccompagnement-pedagogique\/"},"modified":"2024-01-08T16:55:32","modified_gmt":"2024-01-08T14:55:32","slug":"guide-daccompagnement-pedagogique","status":"publish","type":"page","link":"https:\/\/abibooks-project.eu\/fr\/guide-daccompagnement-pedagogique\/","title":{"rendered":"Guide pour les apprenants"},"content":{"rendered":"<p>[et_pb_section fb_built=\u00a0\u00bb1&Prime; _builder_version=\u00a0\u00bb4.23.1&Prime; _module_preset=\u00a0\u00bbdefault\u00a0\u00bb background_color=\u00a0\u00bb#28224b\u00a0\u00bb background_image=\u00a0\u00bbhttps:\/\/abibooks-project.eu\/wp-content\/uploads\/2022\/08\/bandeau.png\u00a0\u00bb custom_padding=\u00a0\u00bb40px||40px||true|false\u00a0\u00bb locked=\u00a0\u00bboff\u00a0\u00bb global_colors_info=\u00a0\u00bb{}\u00a0\u00bb][et_pb_row _builder_version=\u00a0\u00bb4.23.1&Prime; _module_preset=\u00a0\u00bbdefault\u00a0\u00bb global_colors_info=\u00a0\u00bb{}\u00a0\u00bb][et_pb_column type=\u00a0\u00bb4_4&Prime; _builder_version=\u00a0\u00bb4.23.1&Prime; _module_preset=\u00a0\u00bbdefault\u00a0\u00bb global_colors_info=\u00a0\u00bb{}\u00a0\u00bb][et_pb_text _builder_version=\u00a0\u00bb4.23.1&Prime; _module_preset=\u00a0\u00bbdefault\u00a0\u00bb text_font=\u00a0\u00bbComfortaa|700|||||||\u00a0\u00bb text_text_color=\u00a0\u00bb#ffffff\u00a0\u00bb text_font_size=\u00a0\u00bb2em\u00a0\u00bb text_line_height=\u00a0\u00bb1.8em\u00a0\u00bb header_font=\u00a0\u00bbComfortaa|700|||||||\u00a0\u00bb header_text_align=\u00a0\u00bbcenter\u00a0\u00bb header_text_color=\u00a0\u00bb#FFFFFF\u00a0\u00bb header_font_size=\u00a0\u00bb1.2em\u00a0\u00bb background_color=\u00a0\u00bb#28224B\u00a0\u00bb width=\u00a0\u00bb80%\u00a0\u00bb module_alignment=\u00a0\u00bbcenter\u00a0\u00bb global_colors_info=\u00a0\u00bb{}\u00a0\u00bb]<\/p>\n<h1 style=\"text-align: center;\">ABIbooks Guide d\u2019accompagnement p\u00e9dagogique<\/h1>\n<p style=\"text-align: center;\">Impliquer vos \u00e9l\u00e8ves avec des livres interactifs<\/p>\n<p>[\/et_pb_text][\/et_pb_column][\/et_pb_row][\/et_pb_section][et_pb_section fb_built=\u00a0\u00bb1&Prime; _builder_version=\u00a0\u00bb4.23.1&Prime; _module_preset=\u00a0\u00bbdefault\u00a0\u00bb background_color=\u00a0\u00bb#f8f8f8&Prime; custom_padding=\u00a0\u00bb40px||40px||false|false\u00a0\u00bb locked=\u00a0\u00bboff\u00a0\u00bb global_colors_info=\u00a0\u00bb{}\u00a0\u00bb][et_pb_row column_structure=\u00a0\u00bb2_5,3_5&Prime; custom_padding_last_edited=\u00a0\u00bbon|phone\u00a0\u00bb _builder_version=\u00a0\u00bb4.23.1&Prime; _module_preset=\u00a0\u00bbdefault\u00a0\u00bb width=\u00a0\u00bb100%\u00a0\u00bb max_width=\u00a0\u00bb1200px\u00a0\u00bb min_height=\u00a0\u00bb1114.8px\u00a0\u00bb custom_padding=\u00a0\u00bb|50px||50px|false|true\u00a0\u00bb custom_padding_tablet=\u00a0\u00bb||||false|true\u00a0\u00bb custom_padding_phone=\u00a0\u00bb|20px||20px|false|true\u00a0\u00bb global_colors_info=\u00a0\u00bb{}\u00a0\u00bb][et_pb_column type=\u00a0\u00bb2_5&Prime; _builder_version=\u00a0\u00bb4.19.0&Prime; _module_preset=\u00a0\u00bbdefault\u00a0\u00bb global_colors_info=\u00a0\u00bb{}\u00a0\u00bb][et_pb_text _builder_version=\u00a0\u00bb4.23.1&Prime; _module_preset=\u00a0\u00bb29125e68-daf6-467e-afb8-3b7a1da25fa6&Prime; header_2_font_size=\u00a0\u00bb1.8em\u00a0\u00bb max_width=\u00a0\u00bb600px\u00a0\u00bb global_colors_info=\u00a0\u00bb{}\u00a0\u00bb]<\/p>\n<h2>Comment soutenir l\u2019apprentissage des \u00e9l\u00e8ves avec des livres interactifs ?<\/h2>\n<p>L\u2019objectif de ces guides est l\u2019utilisation de livres interactifs dans le d\u00e9roul\u00e9 p\u00e9dagogique. Ils contiennent des conseils pratiques, des propositions de livres \u00e0 utiliser en fonction des besoins ou d\u2019objectifs sp\u00e9cifiques, des id\u00e9es d\u2019ateliers pour tester pleinement le potentiel des livres propos\u00e9s, ainsi que des trucs et astuces permettant aux enseignants d\u2019utiliser l\u2019interactivit\u00e9 et la narration pour d\u00e9velopper les comp\u00e9tences de base de leurs \u00e9l\u00e8ves.<\/p>\n<p>Vous trouverez \u00e9galement des activit\u00e9s pr\u00eates \u00e0 l\u2019emploi li\u00e9es aux livres interactifs disponibles dans la biblioth\u00e8que ou la collection ABIbooks dans les dossiers p\u00e9dagogiques.<\/p>\n<p>[\/et_pb_text][\/et_pb_column][et_pb_column type=\u00a0\u00bb3_5&Prime; _builder_version=\u00a0\u00bb4.19.0&Prime; _module_preset=\u00a0\u00bbdefault\u00a0\u00bb global_colors_info=\u00a0\u00bb{}\u00a0\u00bb][et_pb_accordion open_toggle_text_color=\u00a0\u00bb#28224B\u00a0\u00bb open_toggle_background_color=\u00a0\u00bb#FFFFFF\u00a0\u00bb closed_toggle_text_color=\u00a0\u00bb#28224B\u00a0\u00bb closed_toggle_background_color=\u00a0\u00bb#FFFFFF\u00a0\u00bb icon_color=\u00a0\u00bb#28224B\u00a0\u00bb module_class=\u00a0\u00bbe-learning\u00a0\u00bb _builder_version=\u00a0\u00bb4.23.1&Prime; _module_preset=\u00a0\u00bbdefault\u00a0\u00bb toggle_text_color=\u00a0\u00bb#28224B\u00a0\u00bb body_text_align=\u00a0\u00bbcenter\u00a0\u00bb text_orientation=\u00a0\u00bbleft\u00a0\u00bb max_width=\u00a0\u00bb600px\u00a0\u00bb border_width_all=\u00a0\u00bb2px\u00a0\u00bb border_color_all=\u00a0\u00bbRGBA(255,255,255,0)\u00a0\u00bb global_colors_info=\u00a0\u00bb{}\u00a0\u00bb open_toggle_background_color__hover_enabled=\u00a0\u00bboff|desktop\u00a0\u00bb closed_toggle_background_color__hover_enabled=\u00a0\u00bboff|desktop\u00a0\u00bb][et_pb_accordion_item title=\u00a0\u00bbGuide d\u2019accompagnement p\u00e9dagogique\u00a0\u00bb open=\u00a0\u00bbon\u00a0\u00bb _builder_version=\u00a0\u00bb4.23.1&Prime; _module_preset=\u00a0\u00bbdefault\u00a0\u00bb global_colors_info=\u00a0\u00bb{}\u00a0\u00bb]<img loading=\"lazy\" decoding=\"async\" src=\"https:\/\/abibooks-project.eu\/wp-content\/uploads\/2023\/12\/abibooks-guidebook_fr.jpg\" width=\"600\" height=\"424\" alt=\"\" class=\"wp-image-4852 alignnone size-full\"><br \/>\n<a class=\"btn\" href=\"\/wp-content\/uploads\/2023\/12\/ABIBOOKS-guidebook_FR.pdf\" target=\"_blank\" rel=\"noopener\">T\u00e9l\u00e9charger<\/a>[\/et_pb_accordion_item][et_pb_accordion_item title=\u00a0\u00bbFiches p\u00e9dagogiques &#8211; Collection ABIbooks\u00a0\u00bb _builder_version=\u00a0\u00bb4.23.1&Prime; _module_preset=\u00a0\u00bbdefault\u00a0\u00bb global_colors_info=\u00a0\u00bb{}\u00a0\u00bb open=\u00a0\u00bboff\u00a0\u00bb]<\/p>\n<p><img loading=\"lazy\" decoding=\"async\" src=\"https:\/\/abibooks-project.eu\/wp-content\/uploads\/2023\/12\/pedagogical-files_abibooks-colllection_fr.jpg\" width=\"600\" height=\"424\" alt=\"\" class=\"wp-image-4858 alignnone size-full\"><br \/><a class=\"btn\" href=\"\/wp-content\/uploads\/2023\/12\/Pedagogical-files_AB-colllection_FR.pdf\" target=\"_blank\" rel=\"noopener\">T\u00e9l\u00e9charger<\/a><\/p>\n<p>[\/et_pb_accordion_item][et_pb_accordion_item title=\u00a0\u00bbFiches p\u00e9dagogiques &#8211; Biblioth\u00e8que ABIbooks\u00a0\u00bb _builder_version=\u00a0\u00bb4.23.1&Prime; _module_preset=\u00a0\u00bbdefault\u00a0\u00bb global_colors_info=\u00a0\u00bb{}\u00a0\u00bb open=\u00a0\u00bboff\u00a0\u00bb]<\/p>\n<p><img loading=\"lazy\" decoding=\"async\" src=\"https:\/\/abibooks-project.eu\/wp-content\/uploads\/2023\/12\/pedagogical-files_abibooks-library_fr.jpg\" width=\"600\" height=\"424\" alt=\"\" class=\"wp-image-4864 alignnone size-full\"><br \/><a class=\"btn\" href=\"\/wp-content\/uploads\/2023\/12\/Pedagogical-files_AB-library_FR-1.pdf\" target=\"_blank\" rel=\"noopener\">T\u00e9l\u00e9charger<\/a><\/p>\n<p>[\/et_pb_accordion_item][\/et_pb_accordion][\/et_pb_column][\/et_pb_row][\/et_pb_section]<\/p>\n","protected":false},"excerpt":{"rendered":"<p>ABIbooks Guide d\u2019accompagnement p\u00e9dagogique Impliquer vos \u00e9l\u00e8ves avec des livres interactifsComment soutenir l\u2019apprentissage des \u00e9l\u00e8ves avec des livres interactifs ? L\u2019objectif de ces guides est l\u2019utilisation de livres interactifs dans le d\u00e9roul\u00e9 p\u00e9dagogique. Ils contiennent des conseils pratiques, des propositions de livres \u00e0 utiliser en fonction des besoins ou d\u2019objectifs sp\u00e9cifiques, des id\u00e9es d\u2019ateliers pour [&hellip;]<\/p>\n","protected":false},"author":1,"featured_media":0,"parent":0,"menu_order":0,"comment_status":"closed","ping_status":"closed","template":"","meta":{"_acf_changed":false,"_et_pb_use_builder":"on","_et_pb_old_content":"","_et_gb_content_width":"","footnotes":""},"class_list":["post-4789","page","type-page","status-publish","hentry"],"acf":[],"_links":{"self":[{"href":"https:\/\/abibooks-project.eu\/fr\/wp-json\/wp\/v2\/pages\/4789","targetHints":{"allow":["GET"]}}],"collection":[{"href":"https:\/\/abibooks-project.eu\/fr\/wp-json\/wp\/v2\/pages"}],"about":[{"href":"https:\/\/abibooks-project.eu\/fr\/wp-json\/wp\/v2\/types\/page"}],"author":[{"embeddable":true,"href":"https:\/\/abibooks-project.eu\/fr\/wp-json\/wp\/v2\/users\/1"}],"replies":[{"embeddable":true,"href":"https:\/\/abibooks-project.eu\/fr\/wp-json\/wp\/v2\/comments?post=4789"}],"version-history":[{"count":40,"href":"https:\/\/abibooks-project.eu\/fr\/wp-json\/wp\/v2\/pages\/4789\/revisions"}],"predecessor-version":[{"id":5186,"href":"https:\/\/abibooks-project.eu\/fr\/wp-json\/wp\/v2\/pages\/4789\/revisions\/5186"}],"wp:attachment":[{"href":"https:\/\/abibooks-project.eu\/fr\/wp-json\/wp\/v2\/media?parent=4789"}],"curies":[{"name":"wp","href":"https:\/\/api.w.org\/{rel}","templated":true}]}}